{"id":122336,"date":"2025-06-05T15:53:04","date_gmt":"2025-06-05T13:53:04","guid":{"rendered":"https:\/\/www.deliveree.fr\/?post_type=product&#038;p=122336"},"modified":"2025-06-13T16:27:02","modified_gmt":"2025-06-13T14:27:02","slug":"assurance-de-0e-a-500-e","status":"publish","type":"product","link":"https:\/\/www.deliveree.fr\/en\/plans\/assurance-de-0e-a-500-e\/","title":{"rendered":"Assurance de 0\u20ac \u00e0 500 \u20ac"},"content":{"rendered":"","protected":false},"excerpt":{"rendered":"","protected":false},"featured_media":126936,"template":"","meta":{"_acf_changed":false,"_et_pb_use_builder":"","_et_pb_old_content":"","_et_gb_content_width":""},"product_brand":[],"product_cat":[93],"product_tag":[],"class_list":{"0":"post-122336","1":"product","2":"type-product","3":"status-publish","4":"has-post-thumbnail","6":"product_cat-non-classe","8":"first","9":"instock","10":"shipping-taxable","11":"purchasable","12":"product-type-simple"},"acf":[],"yoast_head":"<!-- This site is optimized with the Yoast SEO plugin v27.4 - https:\/\/yoast.com\/product\/yoast-seo-wordpress\/ -->\n<title>Assurance de 0\u20ac \u00e0 500 \u20ac - Deliveree<\/title>\n<meta name=\"robots\" content=\"index, follow, max-snippet:-1, max-image-preview:large, max-video-preview:-1\" \/>\n<link rel=\"canonical\" href=\"https:\/\/www.deliveree.fr\/en\/plans\/assurance-de-0e-a-500-e\/\" \/>\n<meta property=\"og:locale\" content=\"en_US\" \/>\n<meta property=\"og:type\" content=\"article\" \/>\n<meta property=\"og:title\" content=\"Assurance de 0\u20ac \u00e0 500 \u20ac - Deliveree\" \/>\n<meta property=\"og:url\" content=\"https:\/\/www.deliveree.fr\/en\/plans\/assurance-de-0e-a-500-e\/\" \/>\n<meta property=\"og:site_name\" content=\"Deliveree\" \/>\n<meta property=\"article:publisher\" content=\"https:\/\/www.facebook.com\/deliver.ee\/\" \/>\n<meta property=\"article:modified_time\" content=\"2025-06-13T14:27:02+00:00\" \/>\n<meta property=\"og:image\" content=\"https:\/\/www.deliveree.fr\/wp-content\/uploads\/2025\/06\/\ud83d\udea8-Grande-nouveaute-chez-deliver.ee-loption-de-remballage-de-colis-est-enfin-disponible-\ud83c\udf89\ud83d\udce6-Tu-veux-recevoir-ton-colis-dans-un-etat-impeccable-comme-sil-sortait-tout-juste-du-magasin-\ud83d\ude0d-Ne-3-819x1024.png\" \/>\n\t<meta property=\"og:image:width\" content=\"819\" \/>\n\t<meta property=\"og:image:height\" content=\"1024\" \/>\n\t<meta property=\"og:image:type\" content=\"image\/png\" \/>\n<meta name=\"twitter:card\" content=\"summary_large_image\" \/>\n<meta name=\"twitter:site\" content=\"@deliver_ee\" \/>\n<meta name=\"twitter:label1\" content=\"Est. reading time\" \/>\n\t<meta name=\"twitter:data1\" content=\"1 minute\" \/>\n<script type=\"application\/ld+json\" class=\"yoast-schema-graph\">{\"@context\":\"https:\\\/\\\/schema.org\",\"@graph\":[{\"@type\":\"WebPage\",\"@id\":\"https:\\\/\\\/www.deliveree.fr\\\/plans\\\/assurance-de-0e-a-500-e\\\/\",\"url\":\"https:\\\/\\\/www.deliveree.fr\\\/plans\\\/assurance-de-0e-a-500-e\\\/\",\"name\":\"Assurance de 0\u20ac \u00e0 500 \u20ac - Deliveree\",\"isPartOf\":{\"@id\":\"https:\\\/\\\/www.deliveree.fr\\\/#website\"},\"primaryImageOfPage\":{\"@id\":\"https:\\\/\\\/www.deliveree.fr\\\/plans\\\/assurance-de-0e-a-500-e\\\/#primaryimage\"},\"image\":{\"@id\":\"https:\\\/\\\/www.deliveree.fr\\\/plans\\\/assurance-de-0e-a-500-e\\\/#primaryimage\"},\"thumbnailUrl\":\"https:\\\/\\\/www.deliveree.fr\\\/wp-content\\\/uploads\\\/2025\\\/06\\\/\ud83d\udea8-Grande-nouveaute-chez-deliver.ee-loption-de-remballage-de-colis-est-enfin-disponible-\ud83c\udf89\ud83d\udce6-Tu-veux-recevoir-ton-colis-dans-un-etat-impeccable-comme-sil-sortait-tout-juste-du-magasin-\ud83d\ude0d-Ne-3.png\",\"datePublished\":\"2025-06-05T13:53:04+00:00\",\"dateModified\":\"2025-06-13T14:27:02+00:00\",\"breadcrumb\":{\"@id\":\"https:\\\/\\\/www.deliveree.fr\\\/plans\\\/assurance-de-0e-a-500-e\\\/#breadcrumb\"},\"inLanguage\":\"en-US\",\"potentialAction\":[{\"@type\":\"ReadAction\",\"target\":[\"https:\\\/\\\/www.deliveree.fr\\\/plans\\\/assurance-de-0e-a-500-e\\\/\"]}]},{\"@type\":\"ImageObject\",\"inLanguage\":\"en-US\",\"@id\":\"https:\\\/\\\/www.deliveree.fr\\\/plans\\\/assurance-de-0e-a-500-e\\\/#primaryimage\",\"url\":\"https:\\\/\\\/www.deliveree.fr\\\/wp-content\\\/uploads\\\/2025\\\/06\\\/\ud83d\udea8-Grande-nouveaute-chez-deliver.ee-loption-de-remballage-de-colis-est-enfin-disponible-\ud83c\udf89\ud83d\udce6-Tu-veux-recevoir-ton-colis-dans-un-etat-impeccable-comme-sil-sortait-tout-juste-du-magasin-\ud83d\ude0d-Ne-3.png\",\"contentUrl\":\"https:\\\/\\\/www.deliveree.fr\\\/wp-content\\\/uploads\\\/2025\\\/06\\\/\ud83d\udea8-Grande-nouveaute-chez-deliver.ee-loption-de-remballage-de-colis-est-enfin-disponible-\ud83c\udf89\ud83d\udce6-Tu-veux-recevoir-ton-colis-dans-un-etat-impeccable-comme-sil-sortait-tout-juste-du-magasin-\ud83d\ude0d-Ne-3.png\",\"width\":1080,\"height\":1350},{\"@type\":\"BreadcrumbList\",\"@id\":\"https:\\\/\\\/www.deliveree.fr\\\/plans\\\/assurance-de-0e-a-500-e\\\/#breadcrumb\",\"itemListElement\":[{\"@type\":\"ListItem\",\"position\":1,\"name\":\"Accueil\",\"item\":\"https:\\\/\\\/www.deliveree.fr\\\/\"},{\"@type\":\"ListItem\",\"position\":2,\"name\":\"Boutique\",\"item\":\"https:\\\/\\\/www.deliveree.fr\\\/boutique\\\/\"},{\"@type\":\"ListItem\",\"position\":3,\"name\":\"Assurance de 0\u20ac \u00e0 500 \u20ac\"}]},{\"@type\":\"WebSite\",\"@id\":\"https:\\\/\\\/www.deliveree.fr\\\/#website\",\"url\":\"https:\\\/\\\/www.deliveree.fr\\\/\",\"name\":\"Deliveree\",\"description\":\"R\u00e9exp\u00e9dition de vos colis France et Europe en quelques clics ! Avec deliver.ee, vos achats vous retrouvent \u00e0 l&#039;autre bout du monde.\",\"publisher\":{\"@id\":\"https:\\\/\\\/www.deliveree.fr\\\/#organization\"},\"potentialAction\":[{\"@type\":\"SearchAction\",\"target\":{\"@type\":\"EntryPoint\",\"urlTemplate\":\"https:\\\/\\\/www.deliveree.fr\\\/?s={search_term_string}\"},\"query-input\":{\"@type\":\"PropertyValueSpecification\",\"valueRequired\":true,\"valueName\":\"search_term_string\"}}],\"inLanguage\":\"en-US\"},{\"@type\":\"Organization\",\"@id\":\"https:\\\/\\\/www.deliveree.fr\\\/#organization\",\"name\":\"deliver.ee\",\"url\":\"https:\\\/\\\/www.deliveree.fr\\\/\",\"logo\":{\"@type\":\"ImageObject\",\"inLanguage\":\"en-US\",\"@id\":\"https:\\\/\\\/www.deliveree.fr\\\/#\\\/schema\\\/logo\\\/image\\\/\",\"url\":\"\",\"contentUrl\":\"\",\"caption\":\"deliver.ee\"},\"image\":{\"@id\":\"https:\\\/\\\/www.deliveree.fr\\\/#\\\/schema\\\/logo\\\/image\\\/\"},\"sameAs\":[\"https:\\\/\\\/www.facebook.com\\\/deliver.ee\\\/\",\"https:\\\/\\\/x.com\\\/deliver_ee\",\"https:\\\/\\\/www.instagram.com\\\/deliver.ee\\\/\",\"https:\\\/\\\/www.linkedin.com\\\/company\\\/deliver-ee\\\/\"]}]}<\/script>\n<!-- \/ Yoast SEO plugin. -->","yoast_head_json":{"title":"Assurance de 0\u20ac \u00e0 500 \u20ac - Deliveree","robots":{"index":"index","follow":"follow","max-snippet":"max-snippet:-1","max-image-preview":"max-image-preview:large","max-video-preview":"max-video-preview:-1"},"canonical":"https:\/\/www.deliveree.fr\/en\/plans\/assurance-de-0e-a-500-e\/","og_locale":"en_US","og_type":"article","og_title":"Assurance de 0\u20ac \u00e0 500 \u20ac - Deliveree","og_url":"https:\/\/www.deliveree.fr\/en\/plans\/assurance-de-0e-a-500-e\/","og_site_name":"Deliveree","article_publisher":"https:\/\/www.facebook.com\/deliver.ee\/","article_modified_time":"2025-06-13T14:27:02+00:00","og_image":[{"width":819,"height":1024,"url":"https:\/\/www.deliveree.fr\/wp-content\/uploads\/2025\/06\/\ud83d\udea8-Grande-nouveaute-chez-deliver.ee-loption-de-remballage-de-colis-est-enfin-disponible-\ud83c\udf89\ud83d\udce6-Tu-veux-recevoir-ton-colis-dans-un-etat-impeccable-comme-sil-sortait-tout-juste-du-magasin-\ud83d\ude0d-Ne-3-819x1024.png","type":"image\/png"}],"twitter_card":"summary_large_image","twitter_site":"@deliver_ee","twitter_misc":{"Est. reading time":"1 minute"},"schema":{"@context":"https:\/\/schema.org","@graph":[{"@type":"WebPage","@id":"https:\/\/www.deliveree.fr\/plans\/assurance-de-0e-a-500-e\/","url":"https:\/\/www.deliveree.fr\/plans\/assurance-de-0e-a-500-e\/","name":"Assurance de 0\u20ac \u00e0 500 \u20ac - Deliveree","isPartOf":{"@id":"https:\/\/www.deliveree.fr\/#website"},"primaryImageOfPage":{"@id":"https:\/\/www.deliveree.fr\/plans\/assurance-de-0e-a-500-e\/#primaryimage"},"image":{"@id":"https:\/\/www.deliveree.fr\/plans\/assurance-de-0e-a-500-e\/#primaryimage"},"thumbnailUrl":"https:\/\/www.deliveree.fr\/wp-content\/uploads\/2025\/06\/\ud83d\udea8-Grande-nouveaute-chez-deliver.ee-loption-de-remballage-de-colis-est-enfin-disponible-\ud83c\udf89\ud83d\udce6-Tu-veux-recevoir-ton-colis-dans-un-etat-impeccable-comme-sil-sortait-tout-juste-du-magasin-\ud83d\ude0d-Ne-3.png","datePublished":"2025-06-05T13:53:04+00:00","dateModified":"2025-06-13T14:27:02+00:00","breadcrumb":{"@id":"https:\/\/www.deliveree.fr\/plans\/assurance-de-0e-a-500-e\/#breadcrumb"},"inLanguage":"en-US","potentialAction":[{"@type":"ReadAction","target":["https:\/\/www.deliveree.fr\/plans\/assurance-de-0e-a-500-e\/"]}]},{"@type":"ImageObject","inLanguage":"en-US","@id":"https:\/\/www.deliveree.fr\/plans\/assurance-de-0e-a-500-e\/#primaryimage","url":"https:\/\/www.deliveree.fr\/wp-content\/uploads\/2025\/06\/\ud83d\udea8-Grande-nouveaute-chez-deliver.ee-loption-de-remballage-de-colis-est-enfin-disponible-\ud83c\udf89\ud83d\udce6-Tu-veux-recevoir-ton-colis-dans-un-etat-impeccable-comme-sil-sortait-tout-juste-du-magasin-\ud83d\ude0d-Ne-3.png","contentUrl":"https:\/\/www.deliveree.fr\/wp-content\/uploads\/2025\/06\/\ud83d\udea8-Grande-nouveaute-chez-deliver.ee-loption-de-remballage-de-colis-est-enfin-disponible-\ud83c\udf89\ud83d\udce6-Tu-veux-recevoir-ton-colis-dans-un-etat-impeccable-comme-sil-sortait-tout-juste-du-magasin-\ud83d\ude0d-Ne-3.png","width":1080,"height":1350},{"@type":"BreadcrumbList","@id":"https:\/\/www.deliveree.fr\/plans\/assurance-de-0e-a-500-e\/#breadcrumb","itemListElement":[{"@type":"ListItem","position":1,"name":"Accueil","item":"https:\/\/www.deliveree.fr\/"},{"@type":"ListItem","position":2,"name":"Boutique","item":"https:\/\/www.deliveree.fr\/boutique\/"},{"@type":"ListItem","position":3,"name":"Assurance de 0\u20ac \u00e0 500 \u20ac"}]},{"@type":"WebSite","@id":"https:\/\/www.deliveree.fr\/#website","url":"https:\/\/www.deliveree.fr\/","name":"Deliveree","description":"R\u00e9exp\u00e9dition de vos colis France et Europe en quelques clics ! Avec deliver.ee, vos achats vous retrouvent \u00e0 l&#039;autre bout du monde.","publisher":{"@id":"https:\/\/www.deliveree.fr\/#organization"},"potentialAction":[{"@type":"SearchAction","target":{"@type":"EntryPoint","urlTemplate":"https:\/\/www.deliveree.fr\/?s={search_term_string}"},"query-input":{"@type":"PropertyValueSpecification","valueRequired":true,"valueName":"search_term_string"}}],"inLanguage":"en-US"},{"@type":"Organization","@id":"https:\/\/www.deliveree.fr\/#organization","name":"deliver.ee","url":"https:\/\/www.deliveree.fr\/","logo":{"@type":"ImageObject","inLanguage":"en-US","@id":"https:\/\/www.deliveree.fr\/#\/schema\/logo\/image\/","url":"","contentUrl":"","caption":"deliver.ee"},"image":{"@id":"https:\/\/www.deliveree.fr\/#\/schema\/logo\/image\/"},"sameAs":["https:\/\/www.facebook.com\/deliver.ee\/","https:\/\/x.com\/deliver_ee","https:\/\/www.instagram.com\/deliver.ee\/","https:\/\/www.linkedin.com\/company\/deliver-ee\/"]}]}},"_links":{"self":[{"href":"https:\/\/www.deliveree.fr\/en\/wp-json\/wp\/v2\/product\/122336","targetHints":{"allow":["GET"]}}],"collection":[{"href":"https:\/\/www.deliveree.fr\/en\/wp-json\/wp\/v2\/product"}],"about":[{"href":"https:\/\/www.deliveree.fr\/en\/wp-json\/wp\/v2\/types\/product"}],"wp:featuredmedia":[{"embeddable":true,"href":"https:\/\/www.deliveree.fr\/en\/wp-json\/wp\/v2\/media\/126936"}],"wp:attachment":[{"href":"https:\/\/www.deliveree.fr\/en\/wp-json\/wp\/v2\/media?parent=122336"}],"wp:term":[{"taxonomy":"product_brand","embeddable":true,"href":"https:\/\/www.deliveree.fr\/en\/wp-json\/wp\/v2\/product_brand?post=122336"},{"taxonomy":"product_cat","embeddable":true,"href":"https:\/\/www.deliveree.fr\/en\/wp-json\/wp\/v2\/product_cat?post=122336"},{"taxonomy":"product_tag","embeddable":true,"href":"https:\/\/www.deliveree.fr\/en\/wp-json\/wp\/v2\/product_tag?post=122336"}],"curies":[{"name":"wp","href":"https:\/\/api.w.org\/{rel}","templated":true}]}}