{"id":46457,"date":"2024-11-12T16:46:21","date_gmt":"2024-11-12T15:46:21","guid":{"rendered":"https:\/\/www.deliveree.fr\/?page_id=46457"},"modified":"2024-11-12T16:46:22","modified_gmt":"2024-11-12T15:46:22","slug":"mentions-legales","status":"publish","type":"page","link":"https:\/\/www.deliveree.fr\/en\/mentions-legales\/","title":{"rendered":"Mentions L\u00e9gales"},"content":{"rendered":"[et_pb_section fb_built=\u00a0\u00bb1&Prime; custom_padding_last_edited=\u00a0\u00bbon|phone\u00a0\u00bb admin_label=\u00a0\u00bbTop Section\u00a0\u00bb _builder_version=\u00a0\u00bb4.27.0&Prime; background_color=\u00a0\u00bb#ffffff\u00a0\u00bb parallax=\u00a0\u00bbon\u00a0\u00bb width=\u00a0\u00bb100%\u00a0\u00bb max_width_tablet=\u00a0\u00bb\u00a0\u00bb max_width_phone=\u00a0\u00bb\u00a0\u00bb max_width_last_edited=\u00a0\u00bbon|phone\u00a0\u00bb custom_margin=\u00a0\u00bb|31px|0px||false|false\u00a0\u00bb custom_margin_tablet=\u00a0\u00bb\u00a0\u00bb custom_margin_phone=\u00a0\u00bb|0px||\u00a0\u00bb custom_margin_last_edited=\u00a0\u00bbon|phone\u00a0\u00bb custom_padding=\u00a0\u00bb0px|0|0|0|false|false\u00a0\u00bb custom_padding_tablet=\u00a0\u00bb0px|||0px\u00a0\u00bb custom_padding_phone=\u00a0\u00bb0px|0||0|false|false\u00a0\u00bb saved_tabs=\u00a0\u00bball\u00a0\u00bb global_colors_info=\u00a0\u00bb{}\u00a0\u00bb theme_builder_area=\u00a0\u00bbpost_content\u00a0\u00bb][et_pb_row custom_padding_last_edited=\u00a0\u00bbon|tablet\u00a0\u00bb module_class=\u00a0\u00bb et_pb_row_fullwidth\u00a0\u00bb _builder_version=\u00a0\u00bb4.27.0&Prime; z_index=\u00a0\u00bb0&Prime; width=\u00a0\u00bb89%\u00a0\u00bb width_tablet=\u00a0\u00bb80%\u00a0\u00bb width_phone=\u00a0\u00bb\u00a0\u00bb width_last_edited=\u00a0\u00bbon|desktop\u00a0\u00bb max_width=\u00a0\u00bb89%\u00a0\u00bb max_width_tablet=\u00a0\u00bb80%\u00a0\u00bb max_width_phone=\u00a0\u00bb\u00a0\u00bb max_width_last_edited=\u00a0\u00bbon|desktop\u00a0\u00bb module_alignment=\u00a0\u00bbcenter\u00a0\u00bb custom_margin=\u00a0\u00bb|auto||auto|false|false\u00a0\u00bb custom_margin_tablet=\u00a0\u00bb90px|90px|90px|90px\u00a0\u00bb custom_margin_phone=\u00a0\u00bb50px|0px|50px|45px\u00a0\u00bb custom_margin_last_edited=\u00a0\u00bbon|desktop\u00a0\u00bb custom_padding_tablet=\u00a0\u00bb\u00a0\u00bb custom_padding_phone=\u00a0\u00bb|0px||0px|false|false\u00a0\u00bb hover_enabled=\u00a0\u00bb0&Prime; make_fullwidth=\u00a0\u00bbon\u00a0\u00bb custom_width_px=\u00a0\u00bb1021px\u00a0\u00bb global_colors_info=\u00a0\u00bb{}\u00a0\u00bb theme_builder_area=\u00a0\u00bbpost_content\u00a0\u00bb sticky_enabled=\u00a0\u00bb0&Prime;][et_pb_column type=\u00a0\u00bb4_4&Prime; _builder_version=\u00a0\u00bb4.16&Prime; custom_padding=\u00a0\u00bb|||\u00a0\u00bb custom_padding_tablet=\u00a0\u00bb\u00a0\u00bb custom_padding_phone=\u00a0\u00bb\u00a0\u00bb custom_padding_last_edited=\u00a0\u00bbon|phone\u00a0\u00bb global_colors_info=\u00a0\u00bb{}\u00a0\u00bb custom_padding__hover=\u00a0\u00bb|||\u00a0\u00bb theme_builder_area=\u00a0\u00bbpost_content\u00a0\u00bb][et_pb_text _builder_version=\u00a0\u00bb4.27.0&Prime; _module_preset=\u00a0\u00bbdefault\u00a0\u00bb theme_builder_area=\u00a0\u00bbpost_content\u00a0\u00bb hover_enabled=\u00a0\u00bb0&Prime; sticky_enabled=\u00a0\u00bb0&Prime;]<p><strong>INFORMATIONS GENERALES<\/strong><\/p>\n<p>Deliver.ee<br \/>Soci\u00e9t\u00e9 ALLO EXPRESS<br \/>Adresse : 27 AVENUE DE ROME 13127 VITROLLES<br \/>Num\u00e9ro de t\u00e9l\u00e9phone : <span>+33 9 80 80 59 54<\/span><br \/>Email : <a rel=\"noopener\"><span>contact<\/span><span>@deliver<\/span><span>.ee<\/span><\/a><\/p>\n<hr \/>\n<p><strong>PHOTOS<\/strong><\/p>\n<p>Images et vid\u00e9os utilis\u00e9es sous licence Shutterstock.com<\/p>\n<hr \/>\n<p><strong>DROITS D\u2019AUTEUR<\/strong><\/p>\n<p>L\u2019utilisation de tout document provenant du site Deliveree.fr n\u2019est autoris\u00e9e qu\u2019\u00e0 titre d\u2019information pour un usage priv\u00e9 et personnel. Toute r\u00e9utilisation, reproduction, retranscription, ou modification effectu\u00e9e \u00e0 d\u2019autres fins est express\u00e9ment interdite, \u00e0 d\u00e9faut d\u2019une demande d\u2019autorisation pr\u00e9alable \u00e9crite adress\u00e9e \u00e0 :<br \/>Deliver.ee \/ ALLO EXPRESS<br \/>27 AVENUE DE ROME 13127 VITROLLES<\/p>\n<hr \/>\n<p><strong>ACC\u00c8S AU SITE<\/strong><\/p>\n<p>Deliver.ee se r\u00e9serve le droit de modifier, r\u00e9silier, suspendre ou interrompre, \u00e0 tout moment et \u00e0 sa discr\u00e9tion, l\u2019acc\u00e8s \u00e0 tout ou partie du site, y compris pour le contenu, les fonctionnalit\u00e9s ou les horaires de disponibilit\u00e9, sans pr\u00e9avis.<\/p>\n<hr \/>\n<p><strong>RESPONSABILIT\u00c9 QUANT AUX CONTENUS<\/strong><\/p>\n<p>Deliver.ee s\u2019efforce de garantir l\u2019exactitude et la mise \u00e0 jour des informations diffus\u00e9es sur son site et se r\u00e9serve le droit de les corriger \u00e0 tout moment sans pr\u00e9avis. Les utilisateurs sont invit\u00e9s \u00e0 v\u00e9rifier les informations aupr\u00e8s de notre service client. Deliver.ee d\u00e9cline toute responsabilit\u00e9 <span>pour toute impr\u00e9cision, inexactitude ou omission portant sur des informations disponibles sure le site, pour tout dommage r\u00e9sultant d\u2019une intrusion frauduleuse d\u2019un tiers ayant entra\u00een\u00e9 une modification des informations mises \u00e0 la disposition sur le site.<\/span><\/p>\n<p>Les sites ext\u00e9rieurs ayant un lien hypertexte avec Deliver.ee ne sont pas sous notre contr\u00f4le ; nous d\u00e9clinons toute responsabilit\u00e9 quant \u00e0 leur contenu. Ces liens ne constituent en aucun cas une approbation ou un partenariat avec Deliver.ee et sont soumis \u00e0 leurs propres conditions d\u2019utilisation et politiques de confidentialit\u00e9.<\/p>\n<hr \/>\n<p><strong>MARQUES ET DROITS D\u2019IMAGES<\/strong><\/p>\n<p>Tous les produits, marques, logos et images cit\u00e9s sur ce site appartiennent \u00e0 leurs compagnies respectives.<\/p>[\/et_pb_text][\/et_pb_column][\/et_pb_row][\/et_pb_section]","protected":false},"excerpt":{"rendered":"<p>INFORMATIONS GENERALES Deliver.eeSoci\u00e9t\u00e9 ALLO EXPRESSAdresse : 27 AVENUE DE ROME 13127 VITROLLESNum\u00e9ro de t\u00e9l\u00e9phone : +33 9 80 80 59 54Email : contact@deliver.ee PHOTOS Images et vid\u00e9os utilis\u00e9es sous licence Shutterstock.com DROITS D\u2019AUTEUR L\u2019utilisation de tout document provenant du site Deliveree.fr n\u2019est autoris\u00e9e qu\u2019\u00e0 titre d\u2019information pour un usage priv\u00e9 et personnel. Toute r\u00e9utilisation, reproduction, [&hellip;]<\/p>","protected":false},"author":3,"featured_media":0,"parent":0,"menu_order":0,"comment_status":"closed","ping_status":"closed","template":"","meta":{"_acf_changed":false,"_et_pb_use_builder":"on","_et_pb_old_content":"","_et_gb_content_width":"","footnotes":""},"class_list":["post-46457","page","type-page","status-publish","hentry"],"acf":[],"yoast_head":"<!-- This site is optimized with the Yoast SEO plugin v27.4 - https:\/\/yoast.com\/product\/yoast-seo-wordpress\/ -->\n<title>Mentions L\u00e9gales - Deliveree<\/title>\n<meta name=\"description\" content=\"Deliveree \u00e9dite Mothership, la premi\u00e8re solution SaaS (Software-as-a-Service) de Ship from Store permettant aux marques de d\u00e9ployer et de piloter leur propre service de livraison le jour m\u00eame.\" \/>\n<meta name=\"robots\" content=\"index, follow, max-snippet:-1, max-image-preview:large, max-video-preview:-1\" \/>\n<link rel=\"canonical\" href=\"https:\/\/www.deliveree.fr\/en\/mentions-legales\/\" \/>\n<meta property=\"og:locale\" content=\"en_US\" \/>\n<meta property=\"og:type\" content=\"article\" \/>\n<meta property=\"og:title\" content=\"Mentions L\u00e9gales - Deliveree\" \/>\n<meta property=\"og:description\" content=\"Deliveree \u00e9dite Mothership, la premi\u00e8re solution SaaS (Software-as-a-Service) de Ship from Store permettant aux marques de d\u00e9ployer et de piloter leur propre service de livraison le jour m\u00eame.\" \/>\n<meta property=\"og:url\" content=\"https:\/\/www.deliveree.fr\/en\/mentions-legales\/\" \/>\n<meta property=\"og:site_name\" content=\"Deliveree\" \/>\n<meta property=\"article:publisher\" content=\"https:\/\/www.facebook.com\/deliver.ee\/\" \/>\n<meta property=\"article:modified_time\" content=\"2024-11-12T15:46:22+00:00\" \/>\n<meta name=\"twitter:card\" content=\"summary_large_image\" \/>\n<meta name=\"twitter:site\" content=\"@deliver_ee\" \/>\n<meta name=\"twitter:label1\" content=\"Est. reading time\" \/>\n\t<meta name=\"twitter:data1\" content=\"2 minutes\" \/>\n<script type=\"application\/ld+json\" class=\"yoast-schema-graph\">{\"@context\":\"https:\\\/\\\/schema.org\",\"@graph\":[{\"@type\":\"WebPage\",\"@id\":\"https:\\\/\\\/www.deliveree.fr\\\/mentions-legales\\\/\",\"url\":\"https:\\\/\\\/www.deliveree.fr\\\/mentions-legales\\\/\",\"name\":\"Mentions L\u00e9gales - Deliveree\",\"isPartOf\":{\"@id\":\"https:\\\/\\\/www.deliveree.fr\\\/#website\"},\"datePublished\":\"2024-11-12T15:46:21+00:00\",\"dateModified\":\"2024-11-12T15:46:22+00:00\",\"description\":\"Deliveree \u00e9dite Mothership, la premi\u00e8re solution SaaS (Software-as-a-Service) de Ship from Store permettant aux marques de d\u00e9ployer et de piloter leur propre service de livraison le jour m\u00eame.\",\"breadcrumb\":{\"@id\":\"https:\\\/\\\/www.deliveree.fr\\\/mentions-legales\\\/#breadcrumb\"},\"inLanguage\":\"en-US\",\"potentialAction\":[{\"@type\":\"ReadAction\",\"target\":[\"https:\\\/\\\/www.deliveree.fr\\\/mentions-legales\\\/\"]}]},{\"@type\":\"BreadcrumbList\",\"@id\":\"https:\\\/\\\/www.deliveree.fr\\\/mentions-legales\\\/#breadcrumb\",\"itemListElement\":[{\"@type\":\"ListItem\",\"position\":1,\"name\":\"Accueil\",\"item\":\"https:\\\/\\\/www.deliveree.fr\\\/\"},{\"@type\":\"ListItem\",\"position\":2,\"name\":\"Mentions L\u00e9gales\"}]},{\"@type\":\"WebSite\",\"@id\":\"https:\\\/\\\/www.deliveree.fr\\\/#website\",\"url\":\"https:\\\/\\\/www.deliveree.fr\\\/\",\"name\":\"Deliveree\",\"description\":\"R\u00e9exp\u00e9dition de vos colis France et Europe en quelques clics ! Avec deliver.ee, vos achats vous retrouvent \u00e0 l&#039;autre bout du monde.\",\"publisher\":{\"@id\":\"https:\\\/\\\/www.deliveree.fr\\\/#organization\"},\"potentialAction\":[{\"@type\":\"SearchAction\",\"target\":{\"@type\":\"EntryPoint\",\"urlTemplate\":\"https:\\\/\\\/www.deliveree.fr\\\/?s={search_term_string}\"},\"query-input\":{\"@type\":\"PropertyValueSpecification\",\"valueRequired\":true,\"valueName\":\"search_term_string\"}}],\"inLanguage\":\"en-US\"},{\"@type\":\"Organization\",\"@id\":\"https:\\\/\\\/www.deliveree.fr\\\/#organization\",\"name\":\"deliver.ee\",\"url\":\"https:\\\/\\\/www.deliveree.fr\\\/\",\"logo\":{\"@type\":\"ImageObject\",\"inLanguage\":\"en-US\",\"@id\":\"https:\\\/\\\/www.deliveree.fr\\\/#\\\/schema\\\/logo\\\/image\\\/\",\"url\":\"\",\"contentUrl\":\"\",\"caption\":\"deliver.ee\"},\"image\":{\"@id\":\"https:\\\/\\\/www.deliveree.fr\\\/#\\\/schema\\\/logo\\\/image\\\/\"},\"sameAs\":[\"https:\\\/\\\/www.facebook.com\\\/deliver.ee\\\/\",\"https:\\\/\\\/x.com\\\/deliver_ee\",\"https:\\\/\\\/www.instagram.com\\\/deliver.ee\\\/\",\"https:\\\/\\\/www.linkedin.com\\\/company\\\/deliver-ee\\\/\"]}]}<\/script>\n<!-- \/ Yoast SEO plugin. -->","yoast_head_json":{"title":"Mentions L\u00e9gales - Deliveree","description":"Deliveree \u00e9dite Mothership, la premi\u00e8re solution SaaS (Software-as-a-Service) de Ship from Store permettant aux marques de d\u00e9ployer et de piloter leur propre service de livraison le jour m\u00eame.","robots":{"index":"index","follow":"follow","max-snippet":"max-snippet:-1","max-image-preview":"max-image-preview:large","max-video-preview":"max-video-preview:-1"},"canonical":"https:\/\/www.deliveree.fr\/en\/mentions-legales\/","og_locale":"en_US","og_type":"article","og_title":"Mentions L\u00e9gales - Deliveree","og_description":"Deliveree \u00e9dite Mothership, la premi\u00e8re solution SaaS (Software-as-a-Service) de Ship from Store permettant aux marques de d\u00e9ployer et de piloter leur propre service de livraison le jour m\u00eame.","og_url":"https:\/\/www.deliveree.fr\/en\/mentions-legales\/","og_site_name":"Deliveree","article_publisher":"https:\/\/www.facebook.com\/deliver.ee\/","article_modified_time":"2024-11-12T15:46:22+00:00","twitter_card":"summary_large_image","twitter_site":"@deliver_ee","twitter_misc":{"Est. reading time":"2 minutes"},"schema":{"@context":"https:\/\/schema.org","@graph":[{"@type":"WebPage","@id":"https:\/\/www.deliveree.fr\/mentions-legales\/","url":"https:\/\/www.deliveree.fr\/mentions-legales\/","name":"Mentions L\u00e9gales - Deliveree","isPartOf":{"@id":"https:\/\/www.deliveree.fr\/#website"},"datePublished":"2024-11-12T15:46:21+00:00","dateModified":"2024-11-12T15:46:22+00:00","description":"Deliveree \u00e9dite Mothership, la premi\u00e8re solution SaaS (Software-as-a-Service) de Ship from Store permettant aux marques de d\u00e9ployer et de piloter leur propre service de livraison le jour m\u00eame.","breadcrumb":{"@id":"https:\/\/www.deliveree.fr\/mentions-legales\/#breadcrumb"},"inLanguage":"en-US","potentialAction":[{"@type":"ReadAction","target":["https:\/\/www.deliveree.fr\/mentions-legales\/"]}]},{"@type":"BreadcrumbList","@id":"https:\/\/www.deliveree.fr\/mentions-legales\/#breadcrumb","itemListElement":[{"@type":"ListItem","position":1,"name":"Accueil","item":"https:\/\/www.deliveree.fr\/"},{"@type":"ListItem","position":2,"name":"Mentions L\u00e9gales"}]},{"@type":"WebSite","@id":"https:\/\/www.deliveree.fr\/#website","url":"https:\/\/www.deliveree.fr\/","name":"Deliveree","description":"R\u00e9exp\u00e9dition de vos colis France et Europe en quelques clics ! Avec deliver.ee, vos achats vous retrouvent \u00e0 l&#039;autre bout du monde.","publisher":{"@id":"https:\/\/www.deliveree.fr\/#organization"},"potentialAction":[{"@type":"SearchAction","target":{"@type":"EntryPoint","urlTemplate":"https:\/\/www.deliveree.fr\/?s={search_term_string}"},"query-input":{"@type":"PropertyValueSpecification","valueRequired":true,"valueName":"search_term_string"}}],"inLanguage":"en-US"},{"@type":"Organization","@id":"https:\/\/www.deliveree.fr\/#organization","name":"deliver.ee","url":"https:\/\/www.deliveree.fr\/","logo":{"@type":"ImageObject","inLanguage":"en-US","@id":"https:\/\/www.deliveree.fr\/#\/schema\/logo\/image\/","url":"","contentUrl":"","caption":"deliver.ee"},"image":{"@id":"https:\/\/www.deliveree.fr\/#\/schema\/logo\/image\/"},"sameAs":["https:\/\/www.facebook.com\/deliver.ee\/","https:\/\/x.com\/deliver_ee","https:\/\/www.instagram.com\/deliver.ee\/","https:\/\/www.linkedin.com\/company\/deliver-ee\/"]}]}},"_links":{"self":[{"href":"https:\/\/www.deliveree.fr\/en\/wp-json\/wp\/v2\/pages\/46457","targetHints":{"allow":["GET"]}}],"collection":[{"href":"https:\/\/www.deliveree.fr\/en\/wp-json\/wp\/v2\/pages"}],"about":[{"href":"https:\/\/www.deliveree.fr\/en\/wp-json\/wp\/v2\/types\/page"}],"author":[{"embeddable":true,"href":"https:\/\/www.deliveree.fr\/en\/wp-json\/wp\/v2\/users\/3"}],"replies":[{"embeddable":true,"href":"https:\/\/www.deliveree.fr\/en\/wp-json\/wp\/v2\/comments?post=46457"}],"version-history":[{"count":3,"href":"https:\/\/www.deliveree.fr\/en\/wp-json\/wp\/v2\/pages\/46457\/revisions"}],"predecessor-version":[{"id":46462,"href":"https:\/\/www.deliveree.fr\/en\/wp-json\/wp\/v2\/pages\/46457\/revisions\/46462"}],"wp:attachment":[{"href":"https:\/\/www.deliveree.fr\/en\/wp-json\/wp\/v2\/media?parent=46457"}],"curies":[{"name":"wp","href":"https:\/\/api.w.org\/{rel}","templated":true}]}}