{"id":3935,"date":"2018-01-10T15:20:32","date_gmt":"2018-01-10T14:20:32","guid":{"rendered":"http:\/\/www.deliver.ee\/?page_id=3935"},"modified":"2024-09-25T15:52:43","modified_gmt":"2024-09-25T13:52:43","slug":"contact-deliveree","status":"publish","type":"page","link":"https:\/\/www.deliveree.fr\/en\/contact-deliveree\/","title":{"rendered":"Contact deliver.ee"},"content":{"rendered":"[et_pb_section fb_built=\u00a0\u00bb1&Prime; _builder_version=\u00a0\u00bb4.25.2&Prime; _module_preset=\u00a0\u00bbdefault\u00a0\u00bb use_background_color_gradient=\u00a0\u00bbon\u00a0\u00bb background_color_gradient_direction=\u00a0\u00bb133deg\u00a0\u00bb background_color_gradient_stops=\u00a0\u00bbrgba(249,212,215,0.35) 15%|#ffffff 28%|#ffffff 43%|#ffffff 61%|rgba(212, 188, 232, 0.6) 84%|#ffffff 100%|#ffffff 100%\u00a0\u00bb min_height=\u00a0\u00bb219.6px\u00a0\u00bb custom_margin=\u00a0\u00bb60px||||false|false\u00a0\u00bb custom_padding=\u00a0\u00bb60px||60px|||\u00a0\u00bb global_colors_info=\u00a0\u00bb{}\u00a0\u00bb][et_pb_row column_structure=\u00a0\u00bb1_2,1_2&Prime; _builder_version=\u00a0\u00bb4.25.2&Prime; _module_preset=\u00a0\u00bbdefault\u00a0\u00bb custom_padding=\u00a0\u00bb||0px|||\u00a0\u00bb global_colors_info=\u00a0\u00bb{}\u00a0\u00bb][et_pb_column type=\u00a0\u00bb1_2&Prime; _builder_version=\u00a0\u00bb4.25.2&Prime; _module_preset=\u00a0\u00bbdefault\u00a0\u00bb global_colors_info=\u00a0\u00bb{}\u00a0\u00bb][et_pb_text _builder_version=\u00a0\u00bb4.27.0&Prime; _module_preset=\u00a0\u00bbdefault\u00a0\u00bb hover_enabled=\u00a0\u00bb0&Prime; global_colors_info=\u00a0\u00bb{}\u00a0\u00bb sticky_enabled=\u00a0\u00bb0&Prime;]<h1>Contactez-nous \ud83d\udc9c<\/h1>[\/et_pb_text][\/et_pb_column][et_pb_column type=\u00a0\u00bb1_2&Prime; _builder_version=\u00a0\u00bb4.25.2&Prime; _module_preset=\u00a0\u00bbdefault\u00a0\u00bb global_colors_info=\u00a0\u00bb{}\u00a0\u00bb][et_pb_image src=\u00a0\u00bbhttps:\/\/www.deliveree.fr\/wp-content\/uploads\/2024\/06\/NUAGES_ETOILES_GRAND.png\u00a0\u00bb title_text=\u00a0\u00bbNUAGES_ETOILES_GRAND\u00a0\u00bb _builder_version=\u00a0\u00bb4.27.0&Prime; _module_preset=\u00a0\u00bbdefault\u00a0\u00bb global_colors_info=\u00a0\u00bb{}\u00a0\u00bb][\/et_pb_image][\/et_pb_column][\/et_pb_row][et_pb_row _builder_version=\u00a0\u00bb4.27.0&Prime; _module_preset=\u00a0\u00bbdefault\u00a0\u00bb custom_padding=\u00a0\u00bb0px|||||\u00a0\u00bb global_colors_info=\u00a0\u00bb{}\u00a0\u00bb][et_pb_column type=\u00a0\u00bb4_4&Prime; _builder_version=\u00a0\u00bb4.27.0&Prime; _module_preset=\u00a0\u00bbdefault\u00a0\u00bb global_colors_info=\u00a0\u00bb{}\u00a0\u00bb][\/et_pb_column][\/et_pb_row][et_pb_row column_structure=\u00a0\u00bb1_2,1_2&Prime; _builder_version=\u00a0\u00bb4.27.0&Prime; custom_padding=\u00a0\u00bb30px|20px|30px|20px|false|false\u00a0\u00bb hover_enabled=\u00a0\u00bb0&Prime; global_colors_info=\u00a0\u00bb{}\u00a0\u00bb background_color=\u00a0\u00bb#FFFFFF\u00a0\u00bb border_radii=\u00a0\u00bbon|25px|25px|25px|25px\u00a0\u00bb box_shadow_style=\u00a0\u00bbpreset1&Prime; custom_margin=\u00a0\u00bb20px||||false|false\u00a0\u00bb sticky_enabled=\u00a0\u00bb0&Prime;][et_pb_column type=\u00a0\u00bb1_2&Prime; _builder_version=\u00a0\u00bb4.16&Prime; custom_padding=\u00a0\u00bb|||\u00a0\u00bb global_colors_info=\u00a0\u00bb{}\u00a0\u00bb custom_padding__hover=\u00a0\u00bb|||\u00a0\u00bb][et_pb_image src=\u00a0\u00bbhttps:\/\/www.deliver.ee\/wp-content\/uploads\/2020\/11\/illu_satisfaction.png\u00a0\u00bb title_text=\u00a0\u00bbillu_satisfaction\u00a0\u00bb align_tablet=\u00a0\u00bbcenter\u00a0\u00bb align_phone=\u00a0\u00bbcenter\u00a0\u00bb align_last_edited=\u00a0\u00bbon|desktop\u00a0\u00bb _builder_version=\u00a0\u00bb4.25.2&Prime; max_width=\u00a0\u00bb25%\u00a0\u00bb module_alignment=\u00a0\u00bbcenter\u00a0\u00bb global_colors_info=\u00a0\u00bb{}\u00a0\u00bb][\/et_pb_image][et_pb_text _builder_version=\u00a0\u00bb4.27.0&Prime; text_font=\u00a0\u00bb||||||||\u00a0\u00bb hover_enabled=\u00a0\u00bb0&Prime; global_colors_info=\u00a0\u00bb{}\u00a0\u00bb sticky_enabled=\u00a0\u00bb0&Prime; custom_margin=\u00a0\u00bb||-26px|||\u00a0\u00bb custom_padding=\u00a0\u00bb||0px|||\u00a0\u00bb]<div class=\"et_pb_text et_pb_module et_pb_bg_layout_light et_pb_text_align_center  et_pb_text_3\">\n<p style=\"text-align: center;\"><span style=\"color: #000000; font-size: xx-large;\">Un service client, <\/span><\/p>\n<p style=\"text-align: center;\"><span style=\"color: #000000; font-size: xx-large;\">aux petits oignons\u00a0<\/span><\/p>\n<p><span style=\"color: #000000;\"><\/span><\/p>\n<p><span style=\"color: #000000;\"><\/span><\/p>\n<p><span style=\"color: #000000;\"><\/span><\/p>\n<p><span style=\"color: #000000;\"><\/span><\/p>\n<h2 style=\"text-align: center;\"><\/h2>\n<\/div>[\/et_pb_text][et_pb_text _builder_version=\u00a0\u00bb4.27.0&Prime; _module_preset=\u00a0\u00bbdefault\u00a0\u00bb hover_enabled=\u00a0\u00bb0&Prime; sticky_enabled=\u00a0\u00bb0&Prime; custom_padding=\u00a0\u00bb0px|50px|0px|50px|false|false\u00a0\u00bb custom_margin=\u00a0\u00bb-53px||||false|false\u00a0\u00bb]<p style=\"text-align: center;\"><span style=\"font-size: large;\">Une question ? Une information \u00e0 nous transmettre ? Un devis pour une demande sp\u00e9ciale ? On est l\u00e0 pour vous aider ! N&rsquo;h\u00e9sitez pas \u00e0 compl\u00e9ter le formulaire, nous vous rappelons rapidement.<\/span><\/p>\n<p style=\"text-align: center;\"><span style=\"font-size: large;\"><\/span><\/p>\n<p style=\"text-align: center;\"><span style=\"font-size: large;\"><\/span><\/p>\n<p style=\"text-align: center;\"><span style=\"font-size: large;\"><\/span><\/p>\n<p style=\"text-align: center;\"><span style=\"font-size: large;\"><\/span><\/p>\n<p style=\"text-align: center;\"><span style=\"font-size: large;\"><\/span><\/p>[\/et_pb_text][et_pb_text _builder_version=\u00a0\u00bb4.27.0&Prime; _module_preset=\u00a0\u00bbdefault\u00a0\u00bb hover_enabled=\u00a0\u00bb0&Prime; sticky_enabled=\u00a0\u00bb0&Prime; custom_padding=\u00a0\u00bb0px|50px|50px|50px|false|false\u00a0\u00bb]<p style=\"text-align: center;\"><\/p>\n<p style=\"text-align: center;\"><span style=\"font-size: large;\"><\/span><\/p>\n<p style=\"text-align: center;\"><span style=\"font-size: large;\">Kiss from space \ud83d\udef8<\/span><\/p>\n<p style=\"text-align: center;\"><strong><span style=\"font-size: large;\">L&rsquo;\u00e9quipage deliver.ee<\/span><\/strong><\/p>\n<p style=\"text-align: center;\"><span style=\"font-size: large;\"><\/span><\/p>\n<p style=\"text-align: center;\"><span style=\"font-size: large;\"><\/span><\/p>\n<p style=\"text-align: center;\"><span style=\"font-size: large;\"><\/span><\/p>\n<p style=\"text-align: center;\"><span style=\"font-size: large;\"><\/span><\/p>[\/et_pb_text][\/et_pb_column][et_pb_column type=\u00a0\u00bb1_2&Prime; _builder_version=\u00a0\u00bb4.16&Prime; custom_padding=\u00a0\u00bb|||\u00a0\u00bb global_colors_info=\u00a0\u00bb{}\u00a0\u00bb custom_padding__hover=\u00a0\u00bb|||\u00a0\u00bb][et_pb_contact_form email=\u00a0\u00bbcustomer@deliveree.fr\u00a0\u00bb title=\u00a0\u00bbFormulaire de contact\u00a0\u00bb custom_message=\u00a0\u00bbNouvelle demande sur le site web \ud83d\ude07||et_pb_line_break_holder||||et_pb_line_break_holder||Voici les contacts \ud83d\udc8c||et_pb_line_break_holder||||et_pb_line_break_holder||%%Surname%% %%Name%% ||et_pb_line_break_holder||%%Phone_number%% %%Email%%||et_pb_line_break_holder||||et_pb_line_break_holder||Voici la demande \ud83d\udcdd||et_pb_line_break_holder||||et_pb_line_break_holder||%%Message%%\u00a0\u00bb success_message=\u00a0\u00bbDemande envoy\u00e9e \ud83d\udc9c\u00a0\u00bb submit_button_text=\u00a0\u00bbEnvoyer\u00a0\u00bb _builder_version=\u00a0\u00bb4.27.0&Prime; _module_preset=\u00a0\u00bbdefault\u00a0\u00bb _unique_id=\u00a0\u00bb387ab78b-fe29-47b4-b764-24b86b0d6801&Prime; background_color=\u00a0\u00bb#FFFFFF\u00a0\u00bb background_enable_mask_style=\u00a0\u00bbon\u00a0\u00bb custom_margin=\u00a0\u00bb||||false|false\u00a0\u00bb custom_padding=\u00a0\u00bb20px|20px|20px|20px|false|false\u00a0\u00bb border_radii=\u00a0\u00bbon|25px|25px|25px|25px\u00a0\u00bb global_colors_info=\u00a0\u00bb{}\u00a0\u00bb][et_pb_contact_field field_id=\u00a0\u00bbSurname\u00a0\u00bb field_title=\u00a0\u00bbPr\u00e9nom\u00a0\u00bb _builder_version=\u00a0\u00bb4.27.0&Prime; _module_preset=\u00a0\u00bbdefault\u00a0\u00bb global_colors_info=\u00a0\u00bb{}\u00a0\u00bb][\/et_pb_contact_field][et_pb_contact_field field_id=\u00a0\u00bbName\u00a0\u00bb field_title=\u00a0\u00bbNom\u00a0\u00bb _builder_version=\u00a0\u00bb4.27.0&Prime; global_colors_info=\u00a0\u00bb{}\u00a0\u00bb button_text_size__hover_enabled=\u00a0\u00bboff\u00a0\u00bb button_one_text_size__hover_enabled=\u00a0\u00bboff\u00a0\u00bb button_two_text_size__hover_enabled=\u00a0\u00bboff\u00a0\u00bb button_text_color__hover_enabled=\u00a0\u00bboff\u00a0\u00bb button_one_text_color__hover_enabled=\u00a0\u00bboff\u00a0\u00bb button_two_text_color__hover_enabled=\u00a0\u00bboff\u00a0\u00bb button_border_width__hover_enabled=\u00a0\u00bboff\u00a0\u00bb button_one_border_width__hover_enabled=\u00a0\u00bboff\u00a0\u00bb button_two_border_width__hover_enabled=\u00a0\u00bboff\u00a0\u00bb button_border_color__hover_enabled=\u00a0\u00bboff\u00a0\u00bb button_one_border_color__hover_enabled=\u00a0\u00bboff\u00a0\u00bb button_two_border_color__hover_enabled=\u00a0\u00bboff\u00a0\u00bb button_border_radius__hover_enabled=\u00a0\u00bboff\u00a0\u00bb button_one_border_radius__hover_enabled=\u00a0\u00bboff\u00a0\u00bb button_two_border_radius__hover_enabled=\u00a0\u00bboff\u00a0\u00bb button_letter_spacing__hover_enabled=\u00a0\u00bboff\u00a0\u00bb button_one_letter_spacing__hover_enabled=\u00a0\u00bboff\u00a0\u00bb button_two_letter_spacing__hover_enabled=\u00a0\u00bboff\u00a0\u00bb button_bg_color__hover_enabled=\u00a0\u00bboff\u00a0\u00bb button_one_bg_color__hover_enabled=\u00a0\u00bboff\u00a0\u00bb button_two_bg_color__hover_enabled=\u00a0\u00bboff\u00a0\u00bb][\/et_pb_contact_field][et_pb_contact_field field_id=\u00a0\u00bbPhone_number\u00a0\u00bb field_title=\u00a0\u00bbT\u00e9l\u00e9phone mobile\u00a0\u00bb _builder_version=\u00a0\u00bb4.27.0&Prime; _module_preset=\u00a0\u00bbdefault\u00a0\u00bb global_colors_info=\u00a0\u00bb{}\u00a0\u00bb][\/et_pb_contact_field][et_pb_contact_field field_id=\u00a0\u00bbEmail\u00a0\u00bb field_title=\u00a0\u00bbAdresse e-mail\u00a0\u00bb field_type=\u00a0\u00bbemail\u00a0\u00bb _builder_version=\u00a0\u00bb4.16&Prime; global_colors_info=\u00a0\u00bb{}\u00a0\u00bb button_text_size__hover_enabled=\u00a0\u00bboff\u00a0\u00bb button_one_text_size__hover_enabled=\u00a0\u00bboff\u00a0\u00bb button_two_text_size__hover_enabled=\u00a0\u00bboff\u00a0\u00bb button_text_color__hover_enabled=\u00a0\u00bboff\u00a0\u00bb button_one_text_color__hover_enabled=\u00a0\u00bboff\u00a0\u00bb button_two_text_color__hover_enabled=\u00a0\u00bboff\u00a0\u00bb button_border_width__hover_enabled=\u00a0\u00bboff\u00a0\u00bb button_one_border_width__hover_enabled=\u00a0\u00bboff\u00a0\u00bb button_two_border_width__hover_enabled=\u00a0\u00bboff\u00a0\u00bb button_border_color__hover_enabled=\u00a0\u00bboff\u00a0\u00bb button_one_border_color__hover_enabled=\u00a0\u00bboff\u00a0\u00bb button_two_border_color__hover_enabled=\u00a0\u00bboff\u00a0\u00bb button_border_radius__hover_enabled=\u00a0\u00bboff\u00a0\u00bb button_one_border_radius__hover_enabled=\u00a0\u00bboff\u00a0\u00bb button_two_border_radius__hover_enabled=\u00a0\u00bboff\u00a0\u00bb button_letter_spacing__hover_enabled=\u00a0\u00bboff\u00a0\u00bb button_one_letter_spacing__hover_enabled=\u00a0\u00bboff\u00a0\u00bb button_two_letter_spacing__hover_enabled=\u00a0\u00bboff\u00a0\u00bb button_bg_color__hover_enabled=\u00a0\u00bboff\u00a0\u00bb button_one_bg_color__hover_enabled=\u00a0\u00bboff\u00a0\u00bb button_two_bg_color__hover_enabled=\u00a0\u00bboff\u00a0\u00bb][\/et_pb_contact_field][et_pb_contact_field field_id=\u00a0\u00bbMessage\u00a0\u00bb field_title=\u00a0\u00bbMessage\u00a0\u00bb field_type=\u00a0\u00bbtext\u00a0\u00bb fullwidth_field=\u00a0\u00bbon\u00a0\u00bb _builder_version=\u00a0\u00bb4.16&Prime; global_colors_info=\u00a0\u00bb{}\u00a0\u00bb button_text_size__hover_enabled=\u00a0\u00bboff\u00a0\u00bb button_one_text_size__hover_enabled=\u00a0\u00bboff\u00a0\u00bb button_two_text_size__hover_enabled=\u00a0\u00bboff\u00a0\u00bb button_text_color__hover_enabled=\u00a0\u00bboff\u00a0\u00bb button_one_text_color__hover_enabled=\u00a0\u00bboff\u00a0\u00bb button_two_text_color__hover_enabled=\u00a0\u00bboff\u00a0\u00bb button_border_width__hover_enabled=\u00a0\u00bboff\u00a0\u00bb button_one_border_width__hover_enabled=\u00a0\u00bboff\u00a0\u00bb button_two_border_width__hover_enabled=\u00a0\u00bboff\u00a0\u00bb button_border_color__hover_enabled=\u00a0\u00bboff\u00a0\u00bb button_one_border_color__hover_enabled=\u00a0\u00bboff\u00a0\u00bb button_two_border_color__hover_enabled=\u00a0\u00bboff\u00a0\u00bb button_border_radius__hover_enabled=\u00a0\u00bboff\u00a0\u00bb button_one_border_radius__hover_enabled=\u00a0\u00bboff\u00a0\u00bb button_two_border_radius__hover_enabled=\u00a0\u00bboff\u00a0\u00bb button_letter_spacing__hover_enabled=\u00a0\u00bboff\u00a0\u00bb button_one_letter_spacing__hover_enabled=\u00a0\u00bboff\u00a0\u00bb button_two_letter_spacing__hover_enabled=\u00a0\u00bboff\u00a0\u00bb button_bg_color__hover_enabled=\u00a0\u00bboff\u00a0\u00bb button_one_bg_color__hover_enabled=\u00a0\u00bboff\u00a0\u00bb button_two_bg_color__hover_enabled=\u00a0\u00bboff\u00a0\u00bb][\/et_pb_contact_field][\/et_pb_contact_form][\/et_pb_column][\/et_pb_row][\/et_pb_section]","protected":false},"excerpt":{"rendered":"<p>Contactez-nous \ud83d\udc9c Un service client, aux petits oignons\u00a0 Une question ? Une information \u00e0 nous transmettre ? Un devis pour une demande sp\u00e9ciale ? On est l\u00e0 pour vous aider ! N&rsquo;h\u00e9sitez pas \u00e0 compl\u00e9ter le formulaire, nous vous rappelons rapidement. Kiss from space \ud83d\udef8 L&rsquo;\u00e9quipage deliver.ee<\/p>","protected":false},"author":1,"featured_media":0,"parent":0,"menu_order":0,"comment_status":"closed","ping_status":"closed","template":"","meta":{"_acf_changed":false,"_et_pb_use_builder":"on","_et_pb_old_content":"","_et_gb_content_width":"","footnotes":""},"class_list":["post-3935","page","type-page","status-publish","hentry"],"acf":[],"yoast_head":"<!-- This site is optimized with the Yoast SEO plugin v26.8 - https:\/\/yoast.com\/product\/yoast-seo-wordpress\/ -->\n<title>Contactez-nous - deliver.ee<\/title>\n<meta name=\"description\" content=\"R\u00e9exp\u00e9dition de colis - Une question sur votre r\u00e9exp\u00e9dition de colis ? Besoin d&#039;un conseil ? Un devis ? Contactez-nous \ud83d\udc9c\" \/>\n<meta name=\"robots\" content=\"index, follow, max-snippet:-1, max-image-preview:large, max-video-preview:-1\" \/>\n<link rel=\"canonical\" href=\"https:\/\/www.deliveree.fr\/en\/contact-deliveree\/\" \/>\n<meta property=\"og:locale\" content=\"en_US\" \/>\n<meta property=\"og:type\" content=\"article\" \/>\n<meta property=\"og:title\" content=\"Contactez-nous - deliver.ee\" \/>\n<meta property=\"og:description\" content=\"R\u00e9exp\u00e9dition de colis - Une question sur votre r\u00e9exp\u00e9dition de colis ? Besoin d&#039;un conseil ? Un devis ? Contactez-nous \ud83d\udc9c\" \/>\n<meta property=\"og:url\" content=\"https:\/\/www.deliveree.fr\/en\/contact-deliveree\/\" \/>\n<meta property=\"og:site_name\" content=\"Deliveree\" \/>\n<meta property=\"article:publisher\" content=\"https:\/\/www.facebook.com\/deliver.ee\/\" \/>\n<meta property=\"article:modified_time\" content=\"2024-09-25T13:52:43+00:00\" \/>\n<meta name=\"twitter:card\" content=\"summary_large_image\" \/>\n<meta name=\"twitter:site\" content=\"@deliver_ee\" \/>\n<meta name=\"twitter:label1\" content=\"Est. reading time\" \/>\n\t<meta name=\"twitter:data1\" content=\"1 minute\" \/>\n<script type=\"application\/ld+json\" class=\"yoast-schema-graph\">{\"@context\":\"https:\/\/schema.org\",\"@graph\":[{\"@type\":\"WebPage\",\"@id\":\"https:\/\/www.deliveree.fr\/contact-deliveree\/\",\"url\":\"https:\/\/www.deliveree.fr\/contact-deliveree\/\",\"name\":\"Contactez-nous - deliver.ee\",\"isPartOf\":{\"@id\":\"https:\/\/www.deliveree.fr\/#website\"},\"datePublished\":\"2018-01-10T14:20:32+00:00\",\"dateModified\":\"2024-09-25T13:52:43+00:00\",\"description\":\"R\u00e9exp\u00e9dition de colis - Une question sur votre r\u00e9exp\u00e9dition de colis ? Besoin d'un conseil ? Un devis ? Contactez-nous \ud83d\udc9c\",\"breadcrumb\":{\"@id\":\"https:\/\/www.deliveree.fr\/contact-deliveree\/#breadcrumb\"},\"inLanguage\":\"en-US\",\"potentialAction\":[{\"@type\":\"ReadAction\",\"target\":[\"https:\/\/www.deliveree.fr\/contact-deliveree\/\"]}]},{\"@type\":\"BreadcrumbList\",\"@id\":\"https:\/\/www.deliveree.fr\/contact-deliveree\/#breadcrumb\",\"itemListElement\":[{\"@type\":\"ListItem\",\"position\":1,\"name\":\"Accueil\",\"item\":\"https:\/\/www.deliveree.fr\/\"},{\"@type\":\"ListItem\",\"position\":2,\"name\":\"Contact deliver.ee\"}]},{\"@type\":\"WebSite\",\"@id\":\"https:\/\/www.deliveree.fr\/#website\",\"url\":\"https:\/\/www.deliveree.fr\/\",\"name\":\"Deliveree\",\"description\":\"R\u00e9exp\u00e9dition de vos colis France et Europe en quelques clics ! Avec deliver.ee, vos achats vous retrouvent \u00e0 l&#039;autre bout du monde.\",\"publisher\":{\"@id\":\"https:\/\/www.deliveree.fr\/#organization\"},\"potentialAction\":[{\"@type\":\"SearchAction\",\"target\":{\"@type\":\"EntryPoint\",\"urlTemplate\":\"https:\/\/www.deliveree.fr\/?s={search_term_string}\"},\"query-input\":{\"@type\":\"PropertyValueSpecification\",\"valueRequired\":true,\"valueName\":\"search_term_string\"}}],\"inLanguage\":\"en-US\"},{\"@type\":\"Organization\",\"@id\":\"https:\/\/www.deliveree.fr\/#organization\",\"name\":\"deliver.ee\",\"url\":\"https:\/\/www.deliveree.fr\/\",\"logo\":{\"@type\":\"ImageObject\",\"inLanguage\":\"en-US\",\"@id\":\"https:\/\/www.deliveree.fr\/#\/schema\/logo\/image\/\",\"url\":\"\",\"contentUrl\":\"\",\"caption\":\"deliver.ee\"},\"image\":{\"@id\":\"https:\/\/www.deliveree.fr\/#\/schema\/logo\/image\/\"},\"sameAs\":[\"https:\/\/www.facebook.com\/deliver.ee\/\",\"https:\/\/x.com\/deliver_ee\",\"https:\/\/www.instagram.com\/deliver.ee\/\",\"https:\/\/www.linkedin.com\/company\/deliver-ee\/\"]}]}<\/script>\n<!-- \/ Yoast SEO plugin. -->","yoast_head_json":{"title":"Contactez-nous - deliver.ee","description":"R\u00e9exp\u00e9dition de colis - Une question sur votre r\u00e9exp\u00e9dition de colis ? Besoin d'un conseil ? Un devis ? Contactez-nous \ud83d\udc9c","robots":{"index":"index","follow":"follow","max-snippet":"max-snippet:-1","max-image-preview":"max-image-preview:large","max-video-preview":"max-video-preview:-1"},"canonical":"https:\/\/www.deliveree.fr\/en\/contact-deliveree\/","og_locale":"en_US","og_type":"article","og_title":"Contactez-nous - deliver.ee","og_description":"R\u00e9exp\u00e9dition de colis - Une question sur votre r\u00e9exp\u00e9dition de colis ? Besoin d'un conseil ? Un devis ? Contactez-nous \ud83d\udc9c","og_url":"https:\/\/www.deliveree.fr\/en\/contact-deliveree\/","og_site_name":"Deliveree","article_publisher":"https:\/\/www.facebook.com\/deliver.ee\/","article_modified_time":"2024-09-25T13:52:43+00:00","twitter_card":"summary_large_image","twitter_site":"@deliver_ee","twitter_misc":{"Est. reading time":"1 minute"},"schema":{"@context":"https:\/\/schema.org","@graph":[{"@type":"WebPage","@id":"https:\/\/www.deliveree.fr\/contact-deliveree\/","url":"https:\/\/www.deliveree.fr\/contact-deliveree\/","name":"Contactez-nous - deliver.ee","isPartOf":{"@id":"https:\/\/www.deliveree.fr\/#website"},"datePublished":"2018-01-10T14:20:32+00:00","dateModified":"2024-09-25T13:52:43+00:00","description":"R\u00e9exp\u00e9dition de colis - Une question sur votre r\u00e9exp\u00e9dition de colis ? Besoin d'un conseil ? Un devis ? Contactez-nous \ud83d\udc9c","breadcrumb":{"@id":"https:\/\/www.deliveree.fr\/contact-deliveree\/#breadcrumb"},"inLanguage":"en-US","potentialAction":[{"@type":"ReadAction","target":["https:\/\/www.deliveree.fr\/contact-deliveree\/"]}]},{"@type":"BreadcrumbList","@id":"https:\/\/www.deliveree.fr\/contact-deliveree\/#breadcrumb","itemListElement":[{"@type":"ListItem","position":1,"name":"Accueil","item":"https:\/\/www.deliveree.fr\/"},{"@type":"ListItem","position":2,"name":"Contact deliver.ee"}]},{"@type":"WebSite","@id":"https:\/\/www.deliveree.fr\/#website","url":"https:\/\/www.deliveree.fr\/","name":"Deliveree","description":"R\u00e9exp\u00e9dition de vos colis France et Europe en quelques clics ! Avec deliver.ee, vos achats vous retrouvent \u00e0 l&#039;autre bout du monde.","publisher":{"@id":"https:\/\/www.deliveree.fr\/#organization"},"potentialAction":[{"@type":"SearchAction","target":{"@type":"EntryPoint","urlTemplate":"https:\/\/www.deliveree.fr\/?s={search_term_string}"},"query-input":{"@type":"PropertyValueSpecification","valueRequired":true,"valueName":"search_term_string"}}],"inLanguage":"en-US"},{"@type":"Organization","@id":"https:\/\/www.deliveree.fr\/#organization","name":"deliver.ee","url":"https:\/\/www.deliveree.fr\/","logo":{"@type":"ImageObject","inLanguage":"en-US","@id":"https:\/\/www.deliveree.fr\/#\/schema\/logo\/image\/","url":"","contentUrl":"","caption":"deliver.ee"},"image":{"@id":"https:\/\/www.deliveree.fr\/#\/schema\/logo\/image\/"},"sameAs":["https:\/\/www.facebook.com\/deliver.ee\/","https:\/\/x.com\/deliver_ee","https:\/\/www.instagram.com\/deliver.ee\/","https:\/\/www.linkedin.com\/company\/deliver-ee\/"]}]}},"_links":{"self":[{"href":"https:\/\/www.deliveree.fr\/en\/wp-json\/wp\/v2\/pages\/3935","targetHints":{"allow":["GET"]}}],"collection":[{"href":"https:\/\/www.deliveree.fr\/en\/wp-json\/wp\/v2\/pages"}],"about":[{"href":"https:\/\/www.deliveree.fr\/en\/wp-json\/wp\/v2\/types\/page"}],"author":[{"embeddable":true,"href":"https:\/\/www.deliveree.fr\/en\/wp-json\/wp\/v2\/users\/1"}],"replies":[{"embeddable":true,"href":"https:\/\/www.deliveree.fr\/en\/wp-json\/wp\/v2\/comments?post=3935"}],"version-history":[{"count":10,"href":"https:\/\/www.deliveree.fr\/en\/wp-json\/wp\/v2\/pages\/3935\/revisions"}],"predecessor-version":[{"id":40108,"href":"https:\/\/www.deliveree.fr\/en\/wp-json\/wp\/v2\/pages\/3935\/revisions\/40108"}],"wp:attachment":[{"href":"https:\/\/www.deliveree.fr\/en\/wp-json\/wp\/v2\/media?parent=3935"}],"curies":[{"name":"wp","href":"https:\/\/api.w.org\/{rel}","templated":true}]}}