{"id":3921,"date":"2018-01-09T16:11:24","date_gmt":"2018-01-09T15:11:24","guid":{"rendered":"http:\/\/www.deliver.ee\/?page_id=3921"},"modified":"2024-10-01T11:14:21","modified_gmt":"2024-10-01T09:14:21","slug":"politique-confidentialite","status":"publish","type":"page","link":"https:\/\/www.deliveree.fr\/en\/politique-confidentialite\/","title":{"rendered":"Politique confidentialit\u00e9"},"content":{"rendered":"<p>[et_pb_section fb_built=\u00a0\u00bb1&Prime; custom_padding_last_edited=\u00a0\u00bbon|phone\u00a0\u00bb admin_label=\u00a0\u00bbTop Section\u00a0\u00bb _builder_version=\u00a0\u00bb4.16&Prime; background_color=\u00a0\u00bb#ffffff\u00a0\u00bb parallax=\u00a0\u00bbon\u00a0\u00bb max_width_tablet=\u00a0\u00bb\u00a0\u00bb max_width_phone=\u00a0\u00bb\u00a0\u00bb max_width_last_edited=\u00a0\u00bbon|phone\u00a0\u00bb custom_padding_tablet=\u00a0\u00bb\u00a0\u00bb custom_padding_phone=\u00a0\u00bb18px|0||0|false|false\u00a0\u00bb saved_tabs=\u00a0\u00bball\u00a0\u00bb global_colors_info=\u00a0\u00bb{}\u00a0\u00bb][et_pb_row column_structure=\u00a0\u00bb1_2,1_2&Prime; custom_padding_last_edited=\u00a0\u00bbon|phone\u00a0\u00bb module_class=\u00a0\u00bb et_pb_row_fullwidth\u00a0\u00bb _builder_version=\u00a0\u00bb4.16&Prime; width=\u00a0\u00bb89%\u00a0\u00bb width_tablet=\u00a0\u00bb80%\u00a0\u00bb width_phone=\u00a0\u00bb\u00a0\u00bb width_last_edited=\u00a0\u00bbon|desktop\u00a0\u00bb max_width=\u00a0\u00bb89%\u00a0\u00bb max_width_tablet=\u00a0\u00bb80%\u00a0\u00bb max_width_phone=\u00a0\u00bb\u00a0\u00bb max_width_last_edited=\u00a0\u00bbon|desktop\u00a0\u00bb module_alignment=\u00a0\u00bbcenter\u00a0\u00bb custom_margin_tablet=\u00a0\u00bb\u00a0\u00bb custom_margin_phone=\u00a0\u00bb|0px||40px\u00a0\u00bb custom_margin_last_edited=\u00a0\u00bbon|phone\u00a0\u00bb custom_padding_tablet=\u00a0\u00bb\u00a0\u00bb custom_padding_phone=\u00a0\u00bb|0px||0|false|false\u00a0\u00bb make_fullwidth=\u00a0\u00bbon\u00a0\u00bb custom_width_px=\u00a0\u00bb1021px\u00a0\u00bb global_colors_info=\u00a0\u00bb{}\u00a0\u00bb][et_pb_column type=\u00a0\u00bb1_2&Prime; _builder_version=\u00a0\u00bb4.16&Prime; custom_padding=\u00a0\u00bb|||\u00a0\u00bb custom_padding_tablet=\u00a0\u00bb|||\u00a0\u00bb custom_padding_phone=\u00a0\u00bb|||\u00a0\u00bb custom_padding_last_edited=\u00a0\u00bbon|phone\u00a0\u00bb global_colors_info=\u00a0\u00bb{}\u00a0\u00bb custom_padding__hover=\u00a0\u00bb|||\u00a0\u00bb][et_pb_text admin_label=\u00a0\u00bbBaseline\u00a0\u00bb module_class=\u00a0\u00bbh3&Prime; _builder_version=\u00a0\u00bb4.27.0&Prime; background_layout=\u00a0\u00bbdark\u00a0\u00bb text_font_size_tablet=\u00a0\u00bb\u00a0\u00bb text_font_size_phone=\u00a0\u00bb29px\u00a0\u00bb text_font_size_last_edited=\u00a0\u00bbon|phone\u00a0\u00bb global_colors_info=\u00a0\u00bb{}\u00a0\u00bb]<\/p>\n<p><strong>Politique de confidentialit\u00e9 deliver.ee \/ AlloExpress<\/strong><\/p>\n<p>[\/et_pb_text][\/et_pb_column][et_pb_column type=\u00a0\u00bb1_2&Prime; _builder_version=\u00a0\u00bb4.16&Prime; custom_padding=\u00a0\u00bb|||\u00a0\u00bb global_colors_info=\u00a0\u00bb{}\u00a0\u00bb custom_padding__hover=\u00a0\u00bb|||\u00a0\u00bb][et_pb_image src=\u00a0\u00bbhttps:\/\/www.deliver.ee\/wp-content\/uploads\/2018\/03\/Technologie.png\u00a0\u00bb align_tablet=\u00a0\u00bbcenter\u00a0\u00bb align_phone=\u00a0\u00bbcenter\u00a0\u00bb align_last_edited=\u00a0\u00bbon|desktop\u00a0\u00bb _builder_version=\u00a0\u00bb4.16&Prime; max_width=\u00a0\u00bb60%\u00a0\u00bb max_width_tablet=\u00a0\u00bb50%\u00a0\u00bb max_width_phone=\u00a0\u00bb65%\u00a0\u00bb max_width_last_edited=\u00a0\u00bbon|phone\u00a0\u00bb module_alignment=\u00a0\u00bbcenter\u00a0\u00bb global_colors_info=\u00a0\u00bb{}\u00a0\u00bb][\/et_pb_image][\/et_pb_column][\/et_pb_row][\/et_pb_section][et_pb_section fb_built=\u00a0\u00bb1&Prime; _builder_version=\u00a0\u00bb4.16&Prime; custom_padding=\u00a0\u00bb0|0px|0|0px|false|false\u00a0\u00bb global_colors_info=\u00a0\u00bb{}\u00a0\u00bb][et_pb_row _builder_version=\u00a0\u00bb4.16&Prime; global_colors_info=\u00a0\u00bb{}\u00a0\u00bb][et_pb_column type=\u00a0\u00bb4_4&Prime; _builder_version=\u00a0\u00bb4.16&Prime; custom_padding=\u00a0\u00bb|||\u00a0\u00bb global_colors_info=\u00a0\u00bb{}\u00a0\u00bb custom_padding__hover=\u00a0\u00bb|||\u00a0\u00bb][et_pb_accordion _builder_version=\u00a0\u00bb4.27.0&Prime; toggle_font=\u00a0\u00bbRaleway|700|||||||\u00a0\u00bb body_text_color=\u00a0\u00bb#777777&Prime; global_colors_info=\u00a0\u00bb{}\u00a0\u00bb][et_pb_accordion_item title=\u00a0\u00bbQui sommes nous ?\u00a0\u00bb _builder_version=\u00a0\u00bb4.27.0&Prime; hover_enabled=\u00a0\u00bb0&Prime; global_colors_info=\u00a0\u00bb{}\u00a0\u00bb open=\u00a0\u00bbon\u00a0\u00bb sticky_enabled=\u00a0\u00bb0&Prime;]<\/p>\n<p>The site <a href=\"\/en\/deliver.ee\/\">deliveree<\/a> is developed by<\/p>\n<p>La Soci\u00e9t\u00e9 AlloExpress\u00a0<\/p>\n<table class=\"grow\">\n<tbody>\n<tr>\n<th>SIREN :<\/th>\n<td>452 923 683<span>\u00a0<\/span><span class=\"far fa-copy clipboard\"><\/span><\/td>\n<\/tr>\n<tr>\n<th>SIRET (si\u00e8ge) :<\/th>\n<td>452 923 683 00026<span>\u00a0<\/span><span class=\"far fa-copy clipboard\"><\/span><\/td>\n<\/tr>\n<tr>\n<th>Forme juridique :<\/th>\n<td>SAS, soci\u00e9t\u00e9 par actions simplifi\u00e9e<\/td>\n<\/tr>\n<tr>\n<th>Num\u00e9ro de TVA:<\/th>\n<td class=\"flex items-center\">\n<div><span>FR08452923683<\/span><a class=\"tooltip\" href=\"https:\/\/ec.europa.eu\/taxation_customs\/vies\/?locale=fr\" target=\"_blank\" rel=\"noreferrer noopener nofollow\"><i class=\"far fa-check-circle fa-lg actif\"><\/i><span class=\"tooltiptext ttt-top ttt-right\"><\/span><\/a><span class=\"far fa-copy clipboard\"><\/span><\/div>\n<\/td>\n<\/tr>\n<tr>\n<th>Inscription au RCS :<\/th>\n<td><span class=\"actif\">INSCRIT<span>\u00a0<\/span><i class=\"far fa-check-circle\"><\/i><\/span><span>\u00a0<\/span>(au greffe de SALON-DE-PROVENCE , le 29\/08\/2022 )<\/td>\n<\/tr>\n<tr>\n<th><\/th>\n<td>\n<div class=\"observations\"><a>Voir 1 observation du greffe<\/a><\/div>\n<\/td>\n<\/tr>\n<tr>\n<th>Inscription au RNE :<\/th>\n<td><span class=\"actif\">INSCRIT<span>\u00a0<\/span><i class=\"far fa-check-circle\"><\/i><\/span><span>\u00a0<\/span>(le 29\/08\/2022)<\/td>\n<\/tr>\n<tr>\n<th>Num\u00e9ro RCS :<\/th>\n<td>452 923 683 R.C.S. Salon-de-provence<span>\u00a0<\/span><span class=\"far fa-copy clipboard\"><\/span><\/td>\n<\/tr>\n<tr>\n<th>Capital social :<\/th>\n<td>22 800,00 \u20ac<\/td>\n<\/tr>\n<\/tbody>\n<\/table>\n<p>&nbsp;<\/p>\n<p>[\/et_pb_accordion_item][et_pb_accordion_item title=\u00a0\u00bbFichiers journaux et t\u00e9moins\u00a0\u00bb open=\u00a0\u00bboff\u00a0\u00bb _builder_version=\u00a0\u00bb4.27.0&Prime; hover_enabled=\u00a0\u00bb0&Prime; global_colors_info=\u00a0\u00bb{}\u00a0\u00bb sticky_enabled=\u00a0\u00bb0&Prime;]<\/p>\n<p><span>We collect certain information through log files and cookies. This is mainly the following information:<\/span><\/p>\n<ul>\n<li><span>IP Address<\/span><\/li>\n<li><span>Operating system<\/span><\/li>\n<li><span>Visited pages and queries<\/span><\/li>\n<li><span>Time and day of connection<\/span><\/li>\n<\/ul>\n<p><span>The use of such files allows for:<\/span><\/p>\n<ul>\n<li><span>Improved service and personalized welcome<\/span><\/li>\n<li><span>Customized consumption profile<\/span><\/li>\n<li><span>Order Process Tracking<\/span><\/li>\n<li><span>Statistics<\/span><\/li>\n<\/ul>\n<p>[\/et_pb_accordion_item][et_pb_accordion_item title=\u00a0\u00bbDur\u00e9e de conservation des donn\u00e9es\u00a0\u00bb _builder_version=\u00a0\u00bb4.27.0&Prime; hover_enabled=\u00a0\u00bb0&Prime; global_colors_info=\u00a0\u00bb{}\u00a0\u00bb open=\u00a0\u00bboff\u00a0\u00bb sticky_enabled=\u00a0\u00bb0&Prime;]<\/p>\n<p>By contacting deliver.ee via the site <a href=\"https:\/\/deliver.ee,\">deliveree.fr,<\/a> vous reconnaissez que les informations que vous indiquez font l\u2019objet d\u2019un traitement informatique par la soci\u00e9t\u00e9 Deliver.ee destin\u00e9 \u00e0 la prise de contact, \u00e0 l\u2019\u00e9tablissement d\u2019un devis, ou \u00e0 votre candidature pour un poste aupr\u00e8s de notre soci\u00e9t\u00e9, AlloExpress 27 AVENUE DE ROME, 13127 VITROLLES<\/p>\n<p>Your data will be kept for the following times:<br \/>- 15 days maximum, if no response is given to your request;<br \/>- 5 years from the date of completion of the last legal act in the event of the signature of an estimate.<br \/>- 2 years from the last contact with a candidate concerning recruitment.<\/p>\n<p>Vous b\u00e9n\u00e9ficiez d\u2019un droit d\u2019acc\u00e8s, de portabilit\u00e9, d\u2019opposition, de limitation, de rectification ou d\u2019effacement de vos donn\u00e9es personnelles ainsi que le droit de retirer votre consentement au traitement de vos donn\u00e9es personnelles \u00e0 tout moment, que vous pouvez demander au responsable du traitement ou \u00e0 notre d\u00e9l\u00e9gu\u00e9 \u00e0 la protection des donn\u00e9es (dpo (at) deliver (point) ee).Vous pouvez introduire une r\u00e9clamation aupr\u00e8s de la CNIL si vous estimez que la protection de vos donn\u00e9es personnelles n\u2019a pas \u00e9t\u00e9 assur\u00e9e par le responsable du traitement.<\/p>\n<p>[\/et_pb_accordion_item][et_pb_accordion_item title=\u00a0\u00bbDroit d\u2019opposition et de retrait\u00a0\u00bb _builder_version=\u00a0\u00bb4.16&Prime; global_colors_info=\u00a0\u00bb{}\u00a0\u00bb open=\u00a0\u00bboff\u00a0\u00bb]<\/p>\n<p><span>Nous nous engageons \u00e0 vous offrir un droit d\u2019opposition et de retrait quant \u00e0 vos renseignements personnels.<\/span><br \/> <span>The right of opposition is understood as the possibility offered to Internet users to refuse that their personal information be used for certain purposes mentioned during the collection.<\/span><br \/> <span>The right of withdrawal is understood as the possibility offered to Internet users to request that their personal information no longer appear, for example, on a mailing list.<\/span><br \/> <span>To exercise these rights:<\/span><\/p>\n<p><span>Address: 127 rue d\u2019Aboukir, 75002 PARIS<\/span><br \/> <span>Courriel : dpo (at) deliver (point) ee<\/span><br \/> <span>Telephone: +33 9 75 18 21 01<\/span><br \/> <span>Section du site web : https:\/\/www.deliver.ee<\/span><\/p>\n<p>[\/et_pb_accordion_item][et_pb_accordion_item title=\u00a0\u00bbDroit d\u2019acc\u00e8s\u00a0\u00bb _builder_version=\u00a0\u00bb4.27.0&Prime; hover_enabled=\u00a0\u00bb0&Prime; global_colors_info=\u00a0\u00bb{}\u00a0\u00bb open=\u00a0\u00bboff\u00a0\u00bb sticky_enabled=\u00a0\u00bb0&Prime;]<\/p>\n<p>We are committed to recognizing a right of access and rectification to those concerned wishing to consult, modify or delete information concerning them.<\/p>\n<p>The exercise of this right takes place:<br \/>Code postal : 27 AVENUE DE ROME, 13127 VITROLLES<br \/>Courriel : info@alloexpress.com<br \/>T\u00e9l\u00e9phone : +33 9 80 80 59 54<br \/>Section du site web : https:\/\/www.deliveree.fr<\/p>\n<p>[\/et_pb_accordion_item][et_pb_accordion_item title=\u00a0\u00bbS\u00e9curit\u00e9\u00a0\u00bb _builder_version=\u00a0\u00bb4.27.0&Prime; global_colors_info=\u00a0\u00bb{}\u00a0\u00bb open=\u00a0\u00bboff\u00a0\u00bb]<\/p>\n<p><span>The personal information we collect is kept in a secure environment. People working for us are required to respect the confidentiality of your information.<\/span><\/p>\n<p><span>To ensure the security of your personal information, we use the following measures:<\/span><\/p>\n<ul>\n<li><span>SSL Protocol (Secure Sockets Layer)<\/span><\/li>\n<li><span>Access Management - Authorized Persons<\/span><\/li>\n<li><span>Access management - Relevant persons<\/span><\/li>\n<li><span>Network monitoring software<\/span><\/li>\n<li><span>Computer backup<\/span><\/li>\n<li><span>Digital certificate development<\/span><\/li>\n<li><span>Login password<\/span><\/li>\n<li><span>Firewalls<\/span><br \/><span><\/span><\/li>\n<\/ul>\n<p><span>We are committed to maintaining a high degree of confidentiality by incorporating the latest technological innovations to ensure the privacy of your transactions.<br \/>Toutefois, comme aucun m\u00e9canisme n\u2019offre une s\u00e9curit\u00e9 maximale, une part de risque est toujours pr\u00e9sente lorsque l\u2019on utilise Internet pour transmettre des renseignements personnels.<\/span><\/p>\n<p>[\/et_pb_accordion_item][\/et_pb_accordion][\/et_pb_column][\/et_pb_row][\/et_pb_section]<\/p>","protected":false},"excerpt":{"rendered":"<p>Politique de confidentialit\u00e9 deliver.ee \/ AlloExpressLe site deliveree est \u00e9dit\u00e9 par\u00a0: La Soci\u00e9t\u00e9 AlloExpress\u00a0 SIREN : 452 923 683\u00a0 SIRET (si\u00e8ge) : 452 923 683 00026\u00a0 Forme juridique : SAS, soci\u00e9t\u00e9 par actions simplifi\u00e9e Num\u00e9ro de TVA: FR08452923683 Inscription au RCS : INSCRIT\u00a0\u00a0(au greffe de SALON-DE-PROVENCE , le 29\/08\/2022 ) Voir 1 observation du greffe [&hellip;]<\/p>","protected":false},"author":1,"featured_media":0,"parent":0,"menu_order":0,"comment_status":"closed","ping_status":"closed","template":"","meta":{"_acf_changed":false,"_et_pb_use_builder":"on","_et_pb_old_content":"","_et_gb_content_width":"","footnotes":""},"class_list":["post-3921","page","type-page","status-publish","hentry"],"acf":[],"yoast_head":"<!-- This site is optimized with the Yoast SEO plugin v27.4 - https:\/\/yoast.com\/product\/yoast-seo-wordpress\/ -->\n<title>Politique confidentialit\u00e9 - deliver.ee<\/title>\n<meta name=\"description\" content=\"Deliveree Consultez la politique de confidentialit\u00e9 de votre service de r\u00e9exp\u00e9dition de colis pr\u00e9f\u00e9r\u00e9, op\u00e9r\u00e9 par la soci\u00e9t\u00e9 AlloExpress.\" \/>\n<meta name=\"robots\" content=\"index, follow, max-snippet:-1, max-image-preview:large, max-video-preview:-1\" \/>\n<link rel=\"canonical\" href=\"https:\/\/www.deliveree.fr\/en\/politique-confidentialite\/\" \/>\n<meta property=\"og:locale\" content=\"en_US\" \/>\n<meta property=\"og:type\" content=\"article\" \/>\n<meta property=\"og:title\" content=\"Politique confidentialit\u00e9 - deliver.ee\" \/>\n<meta property=\"og:description\" content=\"Deliveree Consultez la politique de confidentialit\u00e9 de votre service de r\u00e9exp\u00e9dition de colis pr\u00e9f\u00e9r\u00e9, op\u00e9r\u00e9 par la soci\u00e9t\u00e9 AlloExpress.\" \/>\n<meta property=\"og:url\" content=\"https:\/\/www.deliveree.fr\/en\/politique-confidentialite\/\" \/>\n<meta property=\"og:site_name\" content=\"Deliveree\" \/>\n<meta property=\"article:publisher\" content=\"https:\/\/www.facebook.com\/deliver.ee\/\" \/>\n<meta property=\"article:modified_time\" content=\"2024-10-01T09:14:21+00:00\" \/>\n<meta name=\"twitter:card\" content=\"summary_large_image\" \/>\n<meta name=\"twitter:site\" content=\"@deliver_ee\" \/>\n<meta name=\"twitter:label1\" content=\"Est. reading time\" \/>\n\t<meta name=\"twitter:data1\" content=\"4 minutes\" \/>\n<script type=\"application\/ld+json\" class=\"yoast-schema-graph\">{\"@context\":\"https:\\\/\\\/schema.org\",\"@graph\":[{\"@type\":\"WebPage\",\"@id\":\"https:\\\/\\\/www.deliveree.fr\\\/politique-confidentialite\\\/\",\"url\":\"https:\\\/\\\/www.deliveree.fr\\\/politique-confidentialite\\\/\",\"name\":\"Politique confidentialit\u00e9 - deliver.ee\",\"isPartOf\":{\"@id\":\"https:\\\/\\\/www.deliveree.fr\\\/#website\"},\"datePublished\":\"2018-01-09T15:11:24+00:00\",\"dateModified\":\"2024-10-01T09:14:21+00:00\",\"description\":\"Deliveree Consultez la politique de confidentialit\u00e9 de votre service de r\u00e9exp\u00e9dition de colis pr\u00e9f\u00e9r\u00e9, op\u00e9r\u00e9 par la soci\u00e9t\u00e9 AlloExpress.\",\"breadcrumb\":{\"@id\":\"https:\\\/\\\/www.deliveree.fr\\\/politique-confidentialite\\\/#breadcrumb\"},\"inLanguage\":\"en-US\",\"potentialAction\":[{\"@type\":\"ReadAction\",\"target\":[\"https:\\\/\\\/www.deliveree.fr\\\/politique-confidentialite\\\/\"]}]},{\"@type\":\"BreadcrumbList\",\"@id\":\"https:\\\/\\\/www.deliveree.fr\\\/politique-confidentialite\\\/#breadcrumb\",\"itemListElement\":[{\"@type\":\"ListItem\",\"position\":1,\"name\":\"Accueil\",\"item\":\"https:\\\/\\\/www.deliveree.fr\\\/\"},{\"@type\":\"ListItem\",\"position\":2,\"name\":\"Politique confidentialit\u00e9\"}]},{\"@type\":\"WebSite\",\"@id\":\"https:\\\/\\\/www.deliveree.fr\\\/#website\",\"url\":\"https:\\\/\\\/www.deliveree.fr\\\/\",\"name\":\"Deliveree\",\"description\":\"R\u00e9exp\u00e9dition de vos colis France et Europe en quelques clics ! Avec deliver.ee, vos achats vous retrouvent \u00e0 l&#039;autre bout du monde.\",\"publisher\":{\"@id\":\"https:\\\/\\\/www.deliveree.fr\\\/#organization\"},\"potentialAction\":[{\"@type\":\"SearchAction\",\"target\":{\"@type\":\"EntryPoint\",\"urlTemplate\":\"https:\\\/\\\/www.deliveree.fr\\\/?s={search_term_string}\"},\"query-input\":{\"@type\":\"PropertyValueSpecification\",\"valueRequired\":true,\"valueName\":\"search_term_string\"}}],\"inLanguage\":\"en-US\"},{\"@type\":\"Organization\",\"@id\":\"https:\\\/\\\/www.deliveree.fr\\\/#organization\",\"name\":\"deliver.ee\",\"url\":\"https:\\\/\\\/www.deliveree.fr\\\/\",\"logo\":{\"@type\":\"ImageObject\",\"inLanguage\":\"en-US\",\"@id\":\"https:\\\/\\\/www.deliveree.fr\\\/#\\\/schema\\\/logo\\\/image\\\/\",\"url\":\"\",\"contentUrl\":\"\",\"caption\":\"deliver.ee\"},\"image\":{\"@id\":\"https:\\\/\\\/www.deliveree.fr\\\/#\\\/schema\\\/logo\\\/image\\\/\"},\"sameAs\":[\"https:\\\/\\\/www.facebook.com\\\/deliver.ee\\\/\",\"https:\\\/\\\/x.com\\\/deliver_ee\",\"https:\\\/\\\/www.instagram.com\\\/deliver.ee\\\/\",\"https:\\\/\\\/www.linkedin.com\\\/company\\\/deliver-ee\\\/\"]}]}<\/script>\n<!-- \/ Yoast SEO plugin. -->","yoast_head_json":{"title":"Politique confidentialit\u00e9 - deliver.ee","description":"Deliveree Consultez la politique de confidentialit\u00e9 de votre service de r\u00e9exp\u00e9dition de colis pr\u00e9f\u00e9r\u00e9, op\u00e9r\u00e9 par la soci\u00e9t\u00e9 AlloExpress.","robots":{"index":"index","follow":"follow","max-snippet":"max-snippet:-1","max-image-preview":"max-image-preview:large","max-video-preview":"max-video-preview:-1"},"canonical":"https:\/\/www.deliveree.fr\/en\/politique-confidentialite\/","og_locale":"en_US","og_type":"article","og_title":"Politique confidentialit\u00e9 - deliver.ee","og_description":"Deliveree Consultez la politique de confidentialit\u00e9 de votre service de r\u00e9exp\u00e9dition de colis pr\u00e9f\u00e9r\u00e9, op\u00e9r\u00e9 par la soci\u00e9t\u00e9 AlloExpress.","og_url":"https:\/\/www.deliveree.fr\/en\/politique-confidentialite\/","og_site_name":"Deliveree","article_publisher":"https:\/\/www.facebook.com\/deliver.ee\/","article_modified_time":"2024-10-01T09:14:21+00:00","twitter_card":"summary_large_image","twitter_site":"@deliver_ee","twitter_misc":{"Est. reading time":"4 minutes"},"schema":{"@context":"https:\/\/schema.org","@graph":[{"@type":"WebPage","@id":"https:\/\/www.deliveree.fr\/politique-confidentialite\/","url":"https:\/\/www.deliveree.fr\/politique-confidentialite\/","name":"Politique confidentialit\u00e9 - deliver.ee","isPartOf":{"@id":"https:\/\/www.deliveree.fr\/#website"},"datePublished":"2018-01-09T15:11:24+00:00","dateModified":"2024-10-01T09:14:21+00:00","description":"Deliveree Consultez la politique de confidentialit\u00e9 de votre service de r\u00e9exp\u00e9dition de colis pr\u00e9f\u00e9r\u00e9, op\u00e9r\u00e9 par la soci\u00e9t\u00e9 AlloExpress.","breadcrumb":{"@id":"https:\/\/www.deliveree.fr\/politique-confidentialite\/#breadcrumb"},"inLanguage":"en-US","potentialAction":[{"@type":"ReadAction","target":["https:\/\/www.deliveree.fr\/politique-confidentialite\/"]}]},{"@type":"BreadcrumbList","@id":"https:\/\/www.deliveree.fr\/politique-confidentialite\/#breadcrumb","itemListElement":[{"@type":"ListItem","position":1,"name":"Accueil","item":"https:\/\/www.deliveree.fr\/"},{"@type":"ListItem","position":2,"name":"Politique confidentialit\u00e9"}]},{"@type":"WebSite","@id":"https:\/\/www.deliveree.fr\/#website","url":"https:\/\/www.deliveree.fr\/","name":"Deliveree","description":"R\u00e9exp\u00e9dition de vos colis France et Europe en quelques clics ! Avec deliver.ee, vos achats vous retrouvent \u00e0 l&#039;autre bout du monde.","publisher":{"@id":"https:\/\/www.deliveree.fr\/#organization"},"potentialAction":[{"@type":"SearchAction","target":{"@type":"EntryPoint","urlTemplate":"https:\/\/www.deliveree.fr\/?s={search_term_string}"},"query-input":{"@type":"PropertyValueSpecification","valueRequired":true,"valueName":"search_term_string"}}],"inLanguage":"en-US"},{"@type":"Organization","@id":"https:\/\/www.deliveree.fr\/#organization","name":"deliver.ee","url":"https:\/\/www.deliveree.fr\/","logo":{"@type":"ImageObject","inLanguage":"en-US","@id":"https:\/\/www.deliveree.fr\/#\/schema\/logo\/image\/","url":"","contentUrl":"","caption":"deliver.ee"},"image":{"@id":"https:\/\/www.deliveree.fr\/#\/schema\/logo\/image\/"},"sameAs":["https:\/\/www.facebook.com\/deliver.ee\/","https:\/\/x.com\/deliver_ee","https:\/\/www.instagram.com\/deliver.ee\/","https:\/\/www.linkedin.com\/company\/deliver-ee\/"]}]}},"_links":{"self":[{"href":"https:\/\/www.deliveree.fr\/en\/wp-json\/wp\/v2\/pages\/3921","targetHints":{"allow":["GET"]}}],"collection":[{"href":"https:\/\/www.deliveree.fr\/en\/wp-json\/wp\/v2\/pages"}],"about":[{"href":"https:\/\/www.deliveree.fr\/en\/wp-json\/wp\/v2\/types\/page"}],"author":[{"embeddable":true,"href":"https:\/\/www.deliveree.fr\/en\/wp-json\/wp\/v2\/users\/1"}],"replies":[{"embeddable":true,"href":"https:\/\/www.deliveree.fr\/en\/wp-json\/wp\/v2\/comments?post=3921"}],"version-history":[{"count":9,"href":"https:\/\/www.deliveree.fr\/en\/wp-json\/wp\/v2\/pages\/3921\/revisions"}],"predecessor-version":[{"id":44844,"href":"https:\/\/www.deliveree.fr\/en\/wp-json\/wp\/v2\/pages\/3921\/revisions\/44844"}],"wp:attachment":[{"href":"https:\/\/www.deliveree.fr\/en\/wp-json\/wp\/v2\/media?parent=3921"}],"curies":[{"name":"wp","href":"https:\/\/api.w.org\/{rel}","templated":true}]}}