{"id":37248,"date":"2024-09-30T17:52:55","date_gmt":"2024-09-30T15:52:55","guid":{"rendered":"https:\/\/www.deliveree.fr\/lp\/vos-achats-ebay-livres-chez-vous-au-qatar\/"},"modified":"2024-09-30T17:52:58","modified_gmt":"2024-09-30T15:52:58","slug":"qatar-ebay","status":"publish","type":"page","link":"https:\/\/www.deliveree.fr\/en\/reexpedition-de-colis\/qatar-ebay\/","title":{"rendered":"Vos achats Ebay livr\u00e9s chez vous au Qatar"},"content":{"rendered":"<p>Qatar-Ebay<\/p>","protected":false},"excerpt":{"rendered":"<p>Qatar-Ebay<\/p>","protected":false},"author":23,"featured_media":0,"parent":36662,"menu_order":0,"comment_status":"open","ping_status":"open","template":"","meta":{"_acf_changed":false,"_et_pb_use_builder":"","_et_pb_old_content":"","_et_gb_content_width":"","footnotes":""},"class_list":["post-37248","page","type-page","status-publish","hentry"],"acf":[],"yoast_head":"<!-- This site is optimized with the Yoast SEO plugin v26.8 - https:\/\/yoast.com\/product\/yoast-seo-wordpress\/ -->\n<title>Vos achats Ebay livr\u00e9s chez vous au Qatar<\/title>\n<meta name=\"description\" content=\"Deliveree re\u00e7oit vos achats Ebay et les exp\u00e9die directement chez vous au Qatar. Cr\u00e9ez votre compte gratuitement en 2 clics\" \/>\n<meta name=\"robots\" content=\"index, follow, max-snippet:-1, max-image-preview:large, max-video-preview:-1\" \/>\n<link rel=\"canonical\" href=\"https:\/\/www.deliveree.fr\/en\/reexpedition-de-colis\/qatar-ebay\/\" \/>\n<meta property=\"og:locale\" content=\"en_US\" \/>\n<meta property=\"og:type\" content=\"article\" \/>\n<meta property=\"og:title\" content=\"Vos achats Ebay livr\u00e9s chez vous au Qatar\" \/>\n<meta property=\"og:description\" content=\"Deliveree re\u00e7oit vos achats Ebay et les exp\u00e9die directement chez vous au Qatar. Cr\u00e9ez votre compte gratuitement en 2 clics\" \/>\n<meta property=\"og:url\" content=\"https:\/\/www.deliveree.fr\/en\/reexpedition-de-colis\/qatar-ebay\/\" \/>\n<meta property=\"og:site_name\" content=\"Deliveree\" \/>\n<meta property=\"article:publisher\" content=\"https:\/\/www.facebook.com\/deliver.ee\/\" \/>\n<meta property=\"article:modified_time\" content=\"2024-09-30T15:52:58+00:00\" \/>\n<meta name=\"twitter:card\" content=\"summary_large_image\" \/>\n<meta name=\"twitter:site\" content=\"@deliver_ee\" \/>\n<script type=\"application\/ld+json\" class=\"yoast-schema-graph\">{\"@context\":\"https:\/\/schema.org\",\"@graph\":[{\"@type\":\"WebPage\",\"@id\":\"https:\/\/www.deliveree.fr\/reexpedition-de-colis\/qatar-ebay\/\",\"url\":\"https:\/\/www.deliveree.fr\/reexpedition-de-colis\/qatar-ebay\/\",\"name\":\"Vos achats Ebay livr\u00e9s chez vous au Qatar\",\"isPartOf\":{\"@id\":\"https:\/\/www.deliveree.fr\/#website\"},\"datePublished\":\"2024-09-30T15:52:55+00:00\",\"dateModified\":\"2024-09-30T15:52:58+00:00\",\"description\":\"Deliveree re\u00e7oit vos achats Ebay et les exp\u00e9die directement chez vous au Qatar. Cr\u00e9ez votre compte gratuitement en 2 clics\",\"breadcrumb\":{\"@id\":\"https:\/\/www.deliveree.fr\/reexpedition-de-colis\/qatar-ebay\/#breadcrumb\"},\"inLanguage\":\"en-US\",\"potentialAction\":[{\"@type\":\"ReadAction\",\"target\":[\"https:\/\/www.deliveree.fr\/reexpedition-de-colis\/qatar-ebay\/\"]}]},{\"@type\":\"BreadcrumbList\",\"@id\":\"https:\/\/www.deliveree.fr\/reexpedition-de-colis\/qatar-ebay\/#breadcrumb\",\"itemListElement\":[{\"@type\":\"ListItem\",\"position\":1,\"name\":\"Accueil\",\"item\":\"https:\/\/www.deliveree.fr\/\"},{\"@type\":\"ListItem\",\"position\":2,\"name\":\"R\u00e9exp\u00e9dition de colis\",\"item\":\"https:\/\/www.deliveree.fr\/reexpedition-de-colis\/\"},{\"@type\":\"ListItem\",\"position\":3,\"name\":\"Vos achats Ebay livr\u00e9s chez vous au Qatar\"}]},{\"@type\":\"WebSite\",\"@id\":\"https:\/\/www.deliveree.fr\/#website\",\"url\":\"https:\/\/www.deliveree.fr\/\",\"name\":\"Deliveree\",\"description\":\"R\u00e9exp\u00e9dition de vos colis France et Europe en quelques clics ! Avec deliver.ee, vos achats vous retrouvent \u00e0 l&#039;autre bout du monde.\",\"publisher\":{\"@id\":\"https:\/\/www.deliveree.fr\/#organization\"},\"potentialAction\":[{\"@type\":\"SearchAction\",\"target\":{\"@type\":\"EntryPoint\",\"urlTemplate\":\"https:\/\/www.deliveree.fr\/?s={search_term_string}\"},\"query-input\":{\"@type\":\"PropertyValueSpecification\",\"valueRequired\":true,\"valueName\":\"search_term_string\"}}],\"inLanguage\":\"en-US\"},{\"@type\":\"Organization\",\"@id\":\"https:\/\/www.deliveree.fr\/#organization\",\"name\":\"deliver.ee\",\"url\":\"https:\/\/www.deliveree.fr\/\",\"logo\":{\"@type\":\"ImageObject\",\"inLanguage\":\"en-US\",\"@id\":\"https:\/\/www.deliveree.fr\/#\/schema\/logo\/image\/\",\"url\":\"\",\"contentUrl\":\"\",\"caption\":\"deliver.ee\"},\"image\":{\"@id\":\"https:\/\/www.deliveree.fr\/#\/schema\/logo\/image\/\"},\"sameAs\":[\"https:\/\/www.facebook.com\/deliver.ee\/\",\"https:\/\/x.com\/deliver_ee\",\"https:\/\/www.instagram.com\/deliver.ee\/\",\"https:\/\/www.linkedin.com\/company\/deliver-ee\/\"]}]}<\/script>\n<!-- \/ Yoast SEO plugin. -->","yoast_head_json":{"title":"Vos achats Ebay livr\u00e9s chez vous au Qatar","description":"Deliveree re\u00e7oit vos achats Ebay et les exp\u00e9die directement chez vous au Qatar. Cr\u00e9ez votre compte gratuitement en 2 clics","robots":{"index":"index","follow":"follow","max-snippet":"max-snippet:-1","max-image-preview":"max-image-preview:large","max-video-preview":"max-video-preview:-1"},"canonical":"https:\/\/www.deliveree.fr\/en\/reexpedition-de-colis\/qatar-ebay\/","og_locale":"en_US","og_type":"article","og_title":"Vos achats Ebay livr\u00e9s chez vous au Qatar","og_description":"Deliveree re\u00e7oit vos achats Ebay et les exp\u00e9die directement chez vous au Qatar. Cr\u00e9ez votre compte gratuitement en 2 clics","og_url":"https:\/\/www.deliveree.fr\/en\/reexpedition-de-colis\/qatar-ebay\/","og_site_name":"Deliveree","article_publisher":"https:\/\/www.facebook.com\/deliver.ee\/","article_modified_time":"2024-09-30T15:52:58+00:00","twitter_card":"summary_large_image","twitter_site":"@deliver_ee","schema":{"@context":"https:\/\/schema.org","@graph":[{"@type":"WebPage","@id":"https:\/\/www.deliveree.fr\/reexpedition-de-colis\/qatar-ebay\/","url":"https:\/\/www.deliveree.fr\/reexpedition-de-colis\/qatar-ebay\/","name":"Vos achats Ebay livr\u00e9s chez vous au Qatar","isPartOf":{"@id":"https:\/\/www.deliveree.fr\/#website"},"datePublished":"2024-09-30T15:52:55+00:00","dateModified":"2024-09-30T15:52:58+00:00","description":"Deliveree re\u00e7oit vos achats Ebay et les exp\u00e9die directement chez vous au Qatar. Cr\u00e9ez votre compte gratuitement en 2 clics","breadcrumb":{"@id":"https:\/\/www.deliveree.fr\/reexpedition-de-colis\/qatar-ebay\/#breadcrumb"},"inLanguage":"en-US","potentialAction":[{"@type":"ReadAction","target":["https:\/\/www.deliveree.fr\/reexpedition-de-colis\/qatar-ebay\/"]}]},{"@type":"BreadcrumbList","@id":"https:\/\/www.deliveree.fr\/reexpedition-de-colis\/qatar-ebay\/#breadcrumb","itemListElement":[{"@type":"ListItem","position":1,"name":"Accueil","item":"https:\/\/www.deliveree.fr\/"},{"@type":"ListItem","position":2,"name":"R\u00e9exp\u00e9dition de colis","item":"https:\/\/www.deliveree.fr\/reexpedition-de-colis\/"},{"@type":"ListItem","position":3,"name":"Vos achats Ebay livr\u00e9s chez vous au Qatar"}]},{"@type":"WebSite","@id":"https:\/\/www.deliveree.fr\/#website","url":"https:\/\/www.deliveree.fr\/","name":"Deliveree","description":"R\u00e9exp\u00e9dition de vos colis France et Europe en quelques clics ! Avec deliver.ee, vos achats vous retrouvent \u00e0 l&#039;autre bout du monde.","publisher":{"@id":"https:\/\/www.deliveree.fr\/#organization"},"potentialAction":[{"@type":"SearchAction","target":{"@type":"EntryPoint","urlTemplate":"https:\/\/www.deliveree.fr\/?s={search_term_string}"},"query-input":{"@type":"PropertyValueSpecification","valueRequired":true,"valueName":"search_term_string"}}],"inLanguage":"en-US"},{"@type":"Organization","@id":"https:\/\/www.deliveree.fr\/#organization","name":"deliver.ee","url":"https:\/\/www.deliveree.fr\/","logo":{"@type":"ImageObject","inLanguage":"en-US","@id":"https:\/\/www.deliveree.fr\/#\/schema\/logo\/image\/","url":"","contentUrl":"","caption":"deliver.ee"},"image":{"@id":"https:\/\/www.deliveree.fr\/#\/schema\/logo\/image\/"},"sameAs":["https:\/\/www.facebook.com\/deliver.ee\/","https:\/\/x.com\/deliver_ee","https:\/\/www.instagram.com\/deliver.ee\/","https:\/\/www.linkedin.com\/company\/deliver-ee\/"]}]}},"_links":{"self":[{"href":"https:\/\/www.deliveree.fr\/en\/wp-json\/wp\/v2\/pages\/37248","targetHints":{"allow":["GET"]}}],"collection":[{"href":"https:\/\/www.deliveree.fr\/en\/wp-json\/wp\/v2\/pages"}],"about":[{"href":"https:\/\/www.deliveree.fr\/en\/wp-json\/wp\/v2\/types\/page"}],"author":[{"embeddable":true,"href":"https:\/\/www.deliveree.fr\/en\/wp-json\/wp\/v2\/users\/23"}],"replies":[{"embeddable":true,"href":"https:\/\/www.deliveree.fr\/en\/wp-json\/wp\/v2\/comments?post=37248"}],"version-history":[{"count":4,"href":"https:\/\/www.deliveree.fr\/en\/wp-json\/wp\/v2\/pages\/37248\/revisions"}],"predecessor-version":[{"id":44415,"href":"https:\/\/www.deliveree.fr\/en\/wp-json\/wp\/v2\/pages\/37248\/revisions\/44415"}],"up":[{"embeddable":true,"href":"https:\/\/www.deliveree.fr\/en\/wp-json\/wp\/v2\/pages\/36662"}],"wp:attachment":[{"href":"https:\/\/www.deliveree.fr\/en\/wp-json\/wp\/v2\/media?parent=37248"}],"curies":[{"name":"wp","href":"https:\/\/api.w.org\/{rel}","templated":true}]}}