{"id":36112,"date":"2024-05-14T21:28:23","date_gmt":"2024-05-14T19:28:23","guid":{"rendered":"https:\/\/www.deliver.ee\/panier-2\/"},"modified":"2025-08-14T14:40:16","modified_gmt":"2025-08-14T12:40:16","slug":"panier","status":"publish","type":"page","link":"https:\/\/www.deliveree.fr\/en\/panier\/","title":{"rendered":""},"content":{"rendered":"<div data-block-name=\"woocommerce\/cart\" class=\"wp-block-woocommerce-cart alignwide is-loading\">\n<div data-block-name=\"woocommerce\/filled-cart-block\" class=\"wp-block-woocommerce-filled-cart-block\">\n<div data-block-name=\"woocommerce\/cart-items-block\" class=\"wp-block-woocommerce-cart-items-block\">\n<div data-block-name=\"woocommerce\/cart-line-items-block\" class=\"wp-block-woocommerce-cart-line-items-block\"><\/div>\n\n\n\n<div data-block-name=\"woocommerce\/cart-cross-sells-block\" class=\"wp-block-woocommerce-cart-cross-sells-block\">\n<h2 class=\"wp-block-heading has-large-font-size\">\u00c7a peut vous int\u00e9resser&#8230;<\/h2>\n\n\n\n<div data-block-name=\"woocommerce\/cart-cross-sells-products-block\" class=\"wp-block-woocommerce-cart-cross-sells-products-block\"><\/div>\n<\/div>\n<\/div>\n\n\n\n<div data-block-name=\"woocommerce\/cart-totals-block\" class=\"wp-block-woocommerce-cart-totals-block\">\n<div data-block-name=\"woocommerce\/cart-order-summary-block\" class=\"wp-block-woocommerce-cart-order-summary-block\">\n<div data-block-name=\"woocommerce\/cart-order-summary-heading-block\" data-content=\"Total panier\" class=\"wp-block-woocommerce-cart-order-summary-heading-block\"><\/div>\n\n\n\n<div data-block-name=\"woocommerce\/cart-order-summary-coupon-form-block\" class=\"wp-block-woocommerce-cart-order-summary-coupon-form-block\"><\/div>\n\n\n\n<div data-block-name=\"woocommerce\/cart-order-summary-totals-block\" class=\"wp-block-woocommerce-cart-order-summary-totals-block\">\n<div data-block-name=\"woocommerce\/cart-order-summary-subtotal-block\" class=\"wp-block-woocommerce-cart-order-summary-subtotal-block\"><\/div>\n\n\n\n<div data-block-name=\"woocommerce\/cart-order-summary-fee-block\" class=\"wp-block-woocommerce-cart-order-summary-fee-block\"><\/div>\n\n\n\n<div data-block-name=\"woocommerce\/cart-order-summary-discount-block\" class=\"wp-block-woocommerce-cart-order-summary-discount-block\"><\/div>\n\n\n\n<div data-block-name=\"woocommerce\/cart-order-summary-shipping-block\" class=\"wp-block-woocommerce-cart-order-summary-shipping-block\"><\/div>\n\n\n\n<div data-block-name=\"woocommerce\/cart-order-summary-taxes-block\" class=\"wp-block-woocommerce-cart-order-summary-taxes-block\"><\/div>\n<\/div>\n<\/div>\n\n\n\n<div data-block-name=\"woocommerce\/cart-express-payment-block\" class=\"wp-block-woocommerce-cart-express-payment-block\"><\/div>\n\n\n\n<div data-block-name=\"woocommerce\/proceed-to-checkout-block\" class=\"wp-block-woocommerce-proceed-to-checkout-block\"><\/div>\n\n\n\n<div data-block-name=\"woocommerce\/cart-accepted-payment-methods-block\" class=\"wp-block-woocommerce-cart-accepted-payment-methods-block\"><\/div>\n\n\n\n\n<\/div>\n<\/div>\n\n\n\n<div data-block-name=\"woocommerce\/empty-cart-block\" class=\"wp-block-woocommerce-empty-cart-block\">\n<h2 class=\"wp-block-heading has-text-align-center with-empty-cart-icon wc-block-cart__empty-cart__title\">Votre panier est actuellement vide&nbsp;!<\/h2>\n\n\n\n<hr class=\"wp-block-separator has-alpha-channel-opacity is-style-dots\"\/>\n<\/div>\n<\/div>","protected":false},"excerpt":{"rendered":"","protected":false},"author":1,"featured_media":0,"parent":0,"menu_order":0,"comment_status":"closed","ping_status":"closed","template":"","meta":{"_acf_changed":false,"_et_pb_use_builder":"off","_et_pb_old_content":"<!-- wp:woocommerce\/cart -->\n<div class=\"wp-block-woocommerce-cart alignwide is-loading\"><!-- wp:woocommerce\/filled-cart-block -->\n<div class=\"wp-block-woocommerce-filled-cart-block\"><!-- wp:woocommerce\/cart-items-block -->\n<div class=\"wp-block-woocommerce-cart-items-block\"><!-- wp:woocommerce\/cart-line-items-block -->\n<div class=\"wp-block-woocommerce-cart-line-items-block\"><\/div>\n<!-- \/wp:woocommerce\/cart-line-items-block -->\n\n<!-- wp:woocommerce\/cart-cross-sells-block -->\n<div class=\"wp-block-woocommerce-cart-cross-sells-block\"><!-- wp:heading {\"fontSize\":\"large\"} -->\n<h2 class=\"wp-block-heading has-large-font-size\">\u00c7a peut vous int\u00e9resser...<\/h2>\n<!-- \/wp:heading -->\n\n<!-- wp:woocommerce\/cart-cross-sells-products-block -->\n<div class=\"wp-block-woocommerce-cart-cross-sells-products-block\"><\/div>\n<!-- \/wp:woocommerce\/cart-cross-sells-products-block --><\/div>\n<!-- \/wp:woocommerce\/cart-cross-sells-block --><\/div>\n<!-- \/wp:woocommerce\/cart-items-block -->\n\n<!-- wp:woocommerce\/cart-totals-block -->\n<div class=\"wp-block-woocommerce-cart-totals-block\"><!-- wp:woocommerce\/cart-order-summary-block -->\n<div class=\"wp-block-woocommerce-cart-order-summary-block\"><!-- wp:woocommerce\/cart-order-summary-heading-block {\"content\":\"Total panier\"} -->\n<div class=\"wp-block-woocommerce-cart-order-summary-heading-block\"><\/div>\n<!-- \/wp:woocommerce\/cart-order-summary-heading-block -->\n\n<!-- wp:woocommerce\/cart-order-summary-coupon-form-block -->\n<div class=\"wp-block-woocommerce-cart-order-summary-coupon-form-block\"><\/div>\n<!-- \/wp:woocommerce\/cart-order-summary-coupon-form-block -->\n\n<!-- wp:woocommerce\/cart-order-summary-totals-block -->\n<div class=\"wp-block-woocommerce-cart-order-summary-totals-block\"><!-- wp:woocommerce\/cart-order-summary-subtotal-block -->\n<div class=\"wp-block-woocommerce-cart-order-summary-subtotal-block\"><\/div>\n<!-- \/wp:woocommerce\/cart-order-summary-subtotal-block -->\n\n<!-- wp:woocommerce\/cart-order-summary-fee-block -->\n<div class=\"wp-block-woocommerce-cart-order-summary-fee-block\"><\/div>\n<!-- \/wp:woocommerce\/cart-order-summary-fee-block -->\n\n<!-- wp:woocommerce\/cart-order-summary-discount-block -->\n<div class=\"wp-block-woocommerce-cart-order-summary-discount-block\"><\/div>\n<!-- \/wp:woocommerce\/cart-order-summary-discount-block -->\n\n<!-- wp:woocommerce\/cart-order-summary-shipping-block -->\n<div class=\"wp-block-woocommerce-cart-order-summary-shipping-block\"><\/div>\n<!-- \/wp:woocommerce\/cart-order-summary-shipping-block -->\n\n<!-- wp:woocommerce\/cart-order-summary-taxes-block -->\n<div class=\"wp-block-woocommerce-cart-order-summary-taxes-block\"><\/div>\n<!-- \/wp:woocommerce\/cart-order-summary-taxes-block --><\/div>\n<!-- \/wp:woocommerce\/cart-order-summary-totals-block --><\/div>\n<!-- \/wp:woocommerce\/cart-order-summary-block -->\n\n<!-- wp:woocommerce\/cart-express-payment-block -->\n<div class=\"wp-block-woocommerce-cart-express-payment-block\"><\/div>\n<!-- \/wp:woocommerce\/cart-express-payment-block -->\n\n<!-- wp:woocommerce\/proceed-to-checkout-block -->\n<div class=\"wp-block-woocommerce-proceed-to-checkout-block\"><\/div>\n<!-- \/wp:woocommerce\/proceed-to-checkout-block -->\n\n<!-- wp:woocommerce\/cart-accepted-payment-methods-block -->\n<div class=\"wp-block-woocommerce-cart-accepted-payment-methods-block\"><\/div>\n<!-- \/wp:woocommerce\/cart-accepted-payment-methods-block --><\/div>\n<!-- \/wp:woocommerce\/cart-totals-block --><\/div>\n<!-- \/wp:woocommerce\/filled-cart-block -->\n\n<!-- wp:woocommerce\/empty-cart-block -->\n<div class=\"wp-block-woocommerce-empty-cart-block\"><!-- wp:heading {\"textAlign\":\"center\",\"className\":\"with-empty-cart-icon wc-block-cart__empty-cart__title\"} -->\n<h2 class=\"wp-block-heading has-text-align-center with-empty-cart-icon wc-block-cart__empty-cart__title\">Votre panier est actuellement vide&nbsp;!<\/h2>\n<!-- \/wp:heading -->\n\n<!-- wp:separator {\"className\":\"is-style-dots\"} -->\n<hr class=\"wp-block-separator has-alpha-channel-opacity is-style-dots\"\/>\n<!-- \/wp:separator --><\/div>\n<!-- \/wp:woocommerce\/empty-cart-block --><\/div>\n<!-- \/wp:woocommerce\/cart -->","_et_gb_content_width":"1080","footnotes":""},"class_list":["post-36112","page","type-page","status-publish","hentry"],"acf":[],"yoast_head":"<!-- This site is optimized with the Yoast SEO plugin v27.4 - https:\/\/yoast.com\/product\/yoast-seo-wordpress\/ -->\n<title>- Deliveree<\/title>\n<meta name=\"description\" content=\"Deliveree \u00e9dite Mothership, la premi\u00e8re solution SaaS (Software-as-a-Service) de Ship from Store permettant aux marques de d\u00e9ployer et de piloter leur propre service de livraison le jour m\u00eame.\" \/>\n<meta name=\"robots\" content=\"index, follow, max-snippet:-1, max-image-preview:large, max-video-preview:-1\" \/>\n<link rel=\"canonical\" href=\"https:\/\/www.deliveree.fr\/en\/panier\/\" \/>\n<meta property=\"og:locale\" content=\"en_US\" \/>\n<meta property=\"og:type\" content=\"article\" \/>\n<meta property=\"og:title\" content=\"- Deliveree\" \/>\n<meta property=\"og:description\" content=\"Deliveree \u00e9dite Mothership, la premi\u00e8re solution SaaS (Software-as-a-Service) de Ship from Store permettant aux marques de d\u00e9ployer et de piloter leur propre service de livraison le jour m\u00eame.\" \/>\n<meta property=\"og:url\" content=\"https:\/\/www.deliveree.fr\/en\/panier\/\" \/>\n<meta property=\"og:site_name\" content=\"Deliveree\" \/>\n<meta property=\"article:publisher\" content=\"https:\/\/www.facebook.com\/deliver.ee\/\" \/>\n<meta property=\"article:modified_time\" content=\"2025-08-14T12:40:16+00:00\" \/>\n<meta name=\"twitter:card\" content=\"summary_large_image\" \/>\n<meta name=\"twitter:site\" content=\"@deliver_ee\" \/>\n<meta name=\"twitter:label1\" content=\"Est. reading time\" \/>\n\t<meta name=\"twitter:data1\" content=\"1 minute\" \/>\n<script type=\"application\/ld+json\" class=\"yoast-schema-graph\">{\"@context\":\"https:\\\/\\\/schema.org\",\"@graph\":[{\"@type\":\"WebPage\",\"@id\":\"https:\\\/\\\/www.deliveree.fr\\\/panier\\\/\",\"url\":\"https:\\\/\\\/www.deliveree.fr\\\/panier\\\/\",\"name\":\"- Deliveree\",\"isPartOf\":{\"@id\":\"https:\\\/\\\/www.deliveree.fr\\\/#website\"},\"datePublished\":\"2024-05-14T19:28:23+00:00\",\"dateModified\":\"2025-08-14T12:40:16+00:00\",\"description\":\"Deliveree \u00e9dite Mothership, la premi\u00e8re solution SaaS (Software-as-a-Service) de Ship from Store permettant aux marques de d\u00e9ployer et de piloter leur propre service de livraison le jour m\u00eame.\",\"inLanguage\":\"en-US\",\"potentialAction\":[{\"@type\":\"ReadAction\",\"target\":[\"https:\\\/\\\/www.deliveree.fr\\\/panier\\\/\"]}]},{\"@type\":\"WebSite\",\"@id\":\"https:\\\/\\\/www.deliveree.fr\\\/#website\",\"url\":\"https:\\\/\\\/www.deliveree.fr\\\/\",\"name\":\"Deliveree\",\"description\":\"R\u00e9exp\u00e9dition de vos colis France et Europe en quelques clics ! Avec deliver.ee, vos achats vous retrouvent \u00e0 l&#039;autre bout du monde.\",\"publisher\":{\"@id\":\"https:\\\/\\\/www.deliveree.fr\\\/#organization\"},\"potentialAction\":[{\"@type\":\"SearchAction\",\"target\":{\"@type\":\"EntryPoint\",\"urlTemplate\":\"https:\\\/\\\/www.deliveree.fr\\\/?s={search_term_string}\"},\"query-input\":{\"@type\":\"PropertyValueSpecification\",\"valueRequired\":true,\"valueName\":\"search_term_string\"}}],\"inLanguage\":\"en-US\"},{\"@type\":\"Organization\",\"@id\":\"https:\\\/\\\/www.deliveree.fr\\\/#organization\",\"name\":\"deliver.ee\",\"url\":\"https:\\\/\\\/www.deliveree.fr\\\/\",\"logo\":{\"@type\":\"ImageObject\",\"inLanguage\":\"en-US\",\"@id\":\"https:\\\/\\\/www.deliveree.fr\\\/#\\\/schema\\\/logo\\\/image\\\/\",\"url\":\"\",\"contentUrl\":\"\",\"caption\":\"deliver.ee\"},\"image\":{\"@id\":\"https:\\\/\\\/www.deliveree.fr\\\/#\\\/schema\\\/logo\\\/image\\\/\"},\"sameAs\":[\"https:\\\/\\\/www.facebook.com\\\/deliver.ee\\\/\",\"https:\\\/\\\/x.com\\\/deliver_ee\",\"https:\\\/\\\/www.instagram.com\\\/deliver.ee\\\/\",\"https:\\\/\\\/www.linkedin.com\\\/company\\\/deliver-ee\\\/\"]}]}<\/script>\n<!-- \/ Yoast SEO plugin. -->","yoast_head_json":{"title":"- Deliveree","description":"Deliveree \u00e9dite Mothership, la premi\u00e8re solution SaaS (Software-as-a-Service) de Ship from Store permettant aux marques de d\u00e9ployer et de piloter leur propre service de livraison le jour m\u00eame.","robots":{"index":"index","follow":"follow","max-snippet":"max-snippet:-1","max-image-preview":"max-image-preview:large","max-video-preview":"max-video-preview:-1"},"canonical":"https:\/\/www.deliveree.fr\/en\/panier\/","og_locale":"en_US","og_type":"article","og_title":"- Deliveree","og_description":"Deliveree \u00e9dite Mothership, la premi\u00e8re solution SaaS (Software-as-a-Service) de Ship from Store permettant aux marques de d\u00e9ployer et de piloter leur propre service de livraison le jour m\u00eame.","og_url":"https:\/\/www.deliveree.fr\/en\/panier\/","og_site_name":"Deliveree","article_publisher":"https:\/\/www.facebook.com\/deliver.ee\/","article_modified_time":"2025-08-14T12:40:16+00:00","twitter_card":"summary_large_image","twitter_site":"@deliver_ee","twitter_misc":{"Est. reading time":"1 minute"},"schema":{"@context":"https:\/\/schema.org","@graph":[{"@type":"WebPage","@id":"https:\/\/www.deliveree.fr\/panier\/","url":"https:\/\/www.deliveree.fr\/panier\/","name":"- Deliveree","isPartOf":{"@id":"https:\/\/www.deliveree.fr\/#website"},"datePublished":"2024-05-14T19:28:23+00:00","dateModified":"2025-08-14T12:40:16+00:00","description":"Deliveree \u00e9dite Mothership, la premi\u00e8re solution SaaS (Software-as-a-Service) de Ship from Store permettant aux marques de d\u00e9ployer et de piloter leur propre service de livraison le jour m\u00eame.","inLanguage":"en-US","potentialAction":[{"@type":"ReadAction","target":["https:\/\/www.deliveree.fr\/panier\/"]}]},{"@type":"WebSite","@id":"https:\/\/www.deliveree.fr\/#website","url":"https:\/\/www.deliveree.fr\/","name":"Deliveree","description":"R\u00e9exp\u00e9dition de vos colis France et Europe en quelques clics ! Avec deliver.ee, vos achats vous retrouvent \u00e0 l&#039;autre bout du monde.","publisher":{"@id":"https:\/\/www.deliveree.fr\/#organization"},"potentialAction":[{"@type":"SearchAction","target":{"@type":"EntryPoint","urlTemplate":"https:\/\/www.deliveree.fr\/?s={search_term_string}"},"query-input":{"@type":"PropertyValueSpecification","valueRequired":true,"valueName":"search_term_string"}}],"inLanguage":"en-US"},{"@type":"Organization","@id":"https:\/\/www.deliveree.fr\/#organization","name":"deliver.ee","url":"https:\/\/www.deliveree.fr\/","logo":{"@type":"ImageObject","inLanguage":"en-US","@id":"https:\/\/www.deliveree.fr\/#\/schema\/logo\/image\/","url":"","contentUrl":"","caption":"deliver.ee"},"image":{"@id":"https:\/\/www.deliveree.fr\/#\/schema\/logo\/image\/"},"sameAs":["https:\/\/www.facebook.com\/deliver.ee\/","https:\/\/x.com\/deliver_ee","https:\/\/www.instagram.com\/deliver.ee\/","https:\/\/www.linkedin.com\/company\/deliver-ee\/"]}]}},"_links":{"self":[{"href":"https:\/\/www.deliveree.fr\/en\/wp-json\/wp\/v2\/pages\/36112","targetHints":{"allow":["GET"]}}],"collection":[{"href":"https:\/\/www.deliveree.fr\/en\/wp-json\/wp\/v2\/pages"}],"about":[{"href":"https:\/\/www.deliveree.fr\/en\/wp-json\/wp\/v2\/types\/page"}],"author":[{"embeddable":true,"href":"https:\/\/www.deliveree.fr\/en\/wp-json\/wp\/v2\/users\/1"}],"replies":[{"embeddable":true,"href":"https:\/\/www.deliveree.fr\/en\/wp-json\/wp\/v2\/comments?post=36112"}],"version-history":[{"count":22,"href":"https:\/\/www.deliveree.fr\/en\/wp-json\/wp\/v2\/pages\/36112\/revisions"}],"predecessor-version":[{"id":173651,"href":"https:\/\/www.deliveree.fr\/en\/wp-json\/wp\/v2\/pages\/36112\/revisions\/173651"}],"wp:attachment":[{"href":"https:\/\/www.deliveree.fr\/en\/wp-json\/wp\/v2\/media?parent=36112"}],"curies":[{"name":"wp","href":"https:\/\/api.w.org\/{rel}","templated":true}]}}